{"id":1013,"date":"2023-02-28T11:59:12","date_gmt":"2023-02-28T11:59:12","guid":{"rendered":"https:\/\/flexx-dev1.nl\/?page_id=1013"},"modified":"2024-02-23T12:57:46","modified_gmt":"2024-02-23T12:57:46","slug":"garantie-klachten","status":"publish","type":"page","link":"https:\/\/dezzy-s.com\/de\/garantie-klachten\/","title":{"rendered":"Garantie &#038; Klachten"},"content":{"rendered":"<div data-elementor-type=\"wp-page\" data-elementor-id=\"1013\" class=\"elementor elementor-1013\" data-elementor-post-type=\"page\">\n\t\t\t\t\t\t<section class=\"elementor-section elementor-top-section elementor-element elementor-element-82e2a91 elementor-section-boxed elementor-section-height-default elementor-section-height-default\" data-id=\"82e2a91\" data-element_type=\"section\" data-e-type=\"section\" data-settings=\"{&quot;_ob_glider_is_slider&quot;:&quot;no&quot;}\">\n\t\t\t\t\t\t<div class=\"elementor-container elementor-column-gap-default\">\n\t\t\t\t\t<div class=\"elementor-column elementor-col-100 elementor-top-column elementor-element elementor-element-ab3981e\" data-id=\"ab3981e\" data-element_type=\"column\" data-e-type=\"column\" data-settings=\"{&quot;_ob_column_hoveranimator&quot;:&quot;no&quot;,&quot;_ob_column_has_pseudo&quot;:&quot;no&quot;}\">\n\t\t\t<div class=\"elementor-widget-wrap elementor-element-populated\">\n\t\t\t\t\t\t<div class=\"elementor-element elementor-element-d007a53 ob-harakiri-inherit ob-has-background-overlay elementor-widget elementor-widget-heading\" data-id=\"d007a53\" data-element_type=\"widget\" data-e-type=\"widget\" data-settings=\"{&quot;_ob_use_harakiri&quot;:&quot;yes&quot;,&quot;_ob_harakiri_writing_mode&quot;:&quot;inherit&quot;,&quot;_ob_harakiri_text_clip&quot;:&quot;none&quot;,&quot;_ob_widget_stalker_use&quot;:&quot;no&quot;,&quot;_ob_poopart_use&quot;:&quot;yes&quot;,&quot;_ob_shadough_use&quot;:&quot;no&quot;,&quot;_ob_allow_hoveranimator&quot;:&quot;no&quot;}\" data-widget_type=\"heading.default\">\n\t\t\t\t\t<h2 class=\"elementor-heading-title elementor-size-default\">Garantie &amp; Reklamationen<\/h2>\t\t\t\t<\/div>\n\t\t\t\t<div class=\"elementor-element elementor-element-4b74f15 ob-harakiri-inherit ob-has-background-overlay elementor-widget elementor-widget-text-editor\" data-id=\"4b74f15\" data-element_type=\"widget\" data-e-type=\"widget\" data-settings=\"{&quot;_ob_use_harakiri&quot;:&quot;yes&quot;,&quot;_ob_harakiri_writing_mode&quot;:&quot;inherit&quot;,&quot;_ob_postman_use&quot;:&quot;no&quot;,&quot;_ob_widget_stalker_use&quot;:&quot;no&quot;,&quot;_ob_poopart_use&quot;:&quot;yes&quot;,&quot;_ob_shadough_use&quot;:&quot;no&quot;,&quot;_ob_allow_hoveranimator&quot;:&quot;no&quot;}\" data-widget_type=\"text-editor.default\">\n\t\t\t\t\t\t\t\t\t<div id=\"jw-element-137564440\" class=\"jw-tree-node jw-element jw-image-text jw-node-is-first-child\" data-jw-element-id=\"137564440\">\n<div class=\"jw-element-imagetext-text\">\n<p><b>Garantie<\/b><\/p>\n<p>Wir k\u00fcmmern uns um unsere Produkte und tun selbstverst\u00e4ndlich unser Bestes, um sie Ihnen in einem Top-Zustand zu liefern. Allerdings kommt es manchmal vor, dass eine Bestellung w\u00e4hrend des Transports besch\u00e4digt wird oder etwas anderes passiert, sodass Sie einen Anspruch auf Garantie geltend machen k\u00f6nnen.<\/p>\n<p>Haben Sie einen Artikel erhalten, der besch\u00e4digt geliefert wurde? Bitte melden Sie dies umgehend innerhalb von 24 Stunden per E-Mail an&nbsp;<a href=\"mailto:info@thedezzyfactory.com\"><span style=\"text-decoration: underline; color: #000000;\">info@thedezzyfactory.com<\/span><\/a>. Bitte geben Sie im Anhang Ihre Bestellnummer und den Produktnamen an und senden Sie ein Foto Ihrer Beschwerde. Wir werden uns so schnell wie m\u00f6glich darum k\u00fcmmern und eine passende L\u00f6sung finden.&nbsp;<\/p>\n<p>Bitte beachten Sie: Es ist wichtig, dass Sie uns innerhalb von 24 Stunden informieren, wenn der Artikel besch\u00e4digt ist (da die Wahrscheinlichkeit unwahrscheinlich ist, dass der Schaden nicht von Ihnen selbst verursacht wurde). Wenn Sie dies sp\u00e4ter als 24 Stunden melden, erlischt die Garantie.&nbsp;<\/p>\n<p><strong>Beschwerden<\/strong><\/p>\n<p>Es kann immer passieren, dass etwas nicht ganz so l\u00e4uft, wie geplant. Wir empfehlen Ihnen, etwaige Beschwerden zun\u00e4chst per E-Mail an uns zu melden&nbsp;<a href=\"mailto:info@thedezzyfactory.com\" data-jwlink-type=\"email\" data-jwlink-identifier=\"info@thedezzyfactory.com\" data-jwlink-title=\"info@thedezzyfactory.com\"><span style=\"text-decoration: underline;\"><span style=\"color: #000000; text-decoration: underline;\">info@thedezzyfactory.com<\/span><\/span><\/a>. Sollte dies nicht zu einer L\u00f6sung f\u00fchren, besteht die M\u00f6glichkeit, Ihre Streitigkeit \u00fcber Stichting Webwinkel Keur zur Schlichtung anzumelden&nbsp;<span style=\"text-decoration: underline;\"><span style=\"color: #000000; text-decoration: underline;\"><a style=\"color: #000000; text-decoration: underline;\" href=\"https:\/\/www.webwinkelkeur.nl\/kennisbank\/consumenten\/geschil\" target=\"_blank\" rel=\"noopener\">https:\/\/www.webwinkelkeur.nl\/kennisbank\/consumenten\/geschil<\/a>.<\/span><\/span> Ab dem 15. Februar 2016 k\u00f6nnen Verbraucher in der EU Beschwerden auch \u00fcber die OS-Plattform der Europ\u00e4ischen Kommission einreichen. Diese ODR-Plattform finden Sie unter&nbsp;<span style=\"text-decoration: underline;\"><span style=\"color: #000000;\"><a style=\"color: #000000; text-decoration: underline;\" href=\"http:\/\/ec.europa.eu\/odr\" target=\"_blank\" rel=\"noopener\">http:\/\/ec.europa.eu\/odr<\/a><\/span><\/span>. Wenn Ihre Beschwerde noch nicht anderweitig bearbeitet wird, steht es Ihnen frei, Ihre Beschwerde \u00fcber die Plattform der Europ\u00e4ischen Union einzureichen.<\/p>\n<\/div>\n<\/div>\n<div id=\"jw-element-137564537\" class=\"jw-tree-node jw-element jw-spacer jw-node-is-last-child\" data-jw-element-id=\"137564537\">&nbsp;<\/div>\t\t\t\t\t\t\t\t<\/div>\n\t\t\t\t\t<\/div>\n\t\t<\/div>\n\t\t\t\t\t<\/div>\n\t\t<\/section>\n\t\t\t\t<\/div>","protected":false},"excerpt":{"rendered":"<p>Garantie &amp; Klachten Garantie Wij geven om onze producten en doen logischerwijze ons best om deze in topconditie aan je te leveren. Toch komt het wel eens voor dat er een bestelling kapot gaat tijdens transport of dat er iets anders gebeurt waardoor je aanspraak kunt maken op garantie. Heb je dus een item wat [&hellip;]<\/p>","protected":false},"author":1,"featured_media":0,"parent":0,"menu_order":0,"comment_status":"closed","ping_status":"closed","template":"","meta":{"_eb_attr":"","site-sidebar-layout":"no-sidebar","site-content-layout":"page-builder","ast-site-content-layout":"default","site-content-style":"default","site-sidebar-style":"default","ast-global-header-display":"","ast-banner-title-visibility":"","ast-main-header-display":"","ast-hfb-above-header-display":"","ast-hfb-below-header-display":"","ast-hfb-mobile-header-display":"","site-post-title":"disabled","ast-breadcrumbs-content":"","ast-featured-img":"disabled","footer-sml-layout":"","ast-disable-related-posts":"","theme-transparent-header-meta":"","adv-header-id-meta":"","stick-header-meta":"","header-above-stick-meta":"","header-main-stick-meta":"","header-below-stick-meta":"","astra-migrate-meta-layouts":"default","ast-page-background-enabled":"default","ast-page-background-meta":{"desktop":{"background-color":"var(--ast-global-color-4)","background-image":"","background-repeat":"repeat","background-position":"center center","background-size":"auto","background-attachment":"scroll","background-type":"","background-media":"","overlay-type":"","overlay-color":"","overlay-opacity":"","overlay-gradient":""},"tablet":{"background-color":"","background-image":"","background-repeat":"repeat","background-position":"center center","background-size":"auto","background-attachment":"scroll","background-type":"","background-media":"","overlay-type":"","overlay-color":"","overlay-opacity":"","overlay-gradient":""},"mobile":{"background-color":"","background-image":"","background-repeat":"repeat","background-position":"center center","background-size":"auto","background-attachment":"scroll","background-type":"","background-media":"","overlay-type":"","overlay-color":"","overlay-opacity":"","overlay-gradient":""}},"ast-content-background-meta":{"desktop":{"background-color":"var(--ast-global-color-5)","background-image":"","background-repeat":"repeat","background-position":"center center","background-size":"auto","background-attachment":"scroll","background-type":"","background-media":"","overlay-type":"","overlay-color":"","overlay-opacity":"","overlay-gradient":""},"tablet":{"background-color":"var(--ast-global-color-5)","background-image":"","background-repeat":"repeat","background-position":"center center","background-size":"auto","background-attachment":"scroll","background-type":"","background-media":"","overlay-type":"","overlay-color":"","overlay-opacity":"","overlay-gradient":""},"mobile":{"background-color":"var(--ast-global-color-5)","background-image":"","background-repeat":"repeat","background-position":"center center","background-size":"auto","background-attachment":"scroll","background-type":"","background-media":"","overlay-type":"","overlay-color":"","overlay-opacity":"","overlay-gradient":""}},"footnotes":""},"class_list":["post-1013","page","type-page","status-publish","hentry"],"_links":{"self":[{"href":"https:\/\/dezzy-s.com\/de\/wp-json\/wp\/v2\/pages\/1013","targetHints":{"allow":["GET"]}}],"collection":[{"href":"https:\/\/dezzy-s.com\/de\/wp-json\/wp\/v2\/pages"}],"about":[{"href":"https:\/\/dezzy-s.com\/de\/wp-json\/wp\/v2\/types\/page"}],"author":[{"embeddable":true,"href":"https:\/\/dezzy-s.com\/de\/wp-json\/wp\/v2\/users\/1"}],"replies":[{"embeddable":true,"href":"https:\/\/dezzy-s.com\/de\/wp-json\/wp\/v2\/comments?post=1013"}],"version-history":[{"count":19,"href":"https:\/\/dezzy-s.com\/de\/wp-json\/wp\/v2\/pages\/1013\/revisions"}],"predecessor-version":[{"id":5427,"href":"https:\/\/dezzy-s.com\/de\/wp-json\/wp\/v2\/pages\/1013\/revisions\/5427"}],"wp:attachment":[{"href":"https:\/\/dezzy-s.com\/de\/wp-json\/wp\/v2\/media?parent=1013"}],"curies":[{"name":"wp","href":"https:\/\/api.w.org\/{rel}","templated":true}]}}