{"id":1014,"date":"2023-02-28T12:02:58","date_gmt":"2023-02-28T12:02:58","guid":{"rendered":"https:\/\/flexx-dev1.nl\/?page_id=1014"},"modified":"2024-02-23T12:57:08","modified_gmt":"2024-02-23T12:57:08","slug":"levertijd-verzendkosten","status":"publish","type":"page","link":"https:\/\/dezzy-s.com\/de\/levertijd-verzendkosten\/","title":{"rendered":"Levertijd &#038; verzendkosten"},"content":{"rendered":"<div data-elementor-type=\"wp-page\" data-elementor-id=\"1014\" class=\"elementor elementor-1014\" data-elementor-post-type=\"page\">\n\t\t\t\t\t\t<section class=\"elementor-section elementor-top-section elementor-element elementor-element-82e2a91 elementor-section-boxed elementor-section-height-default elementor-section-height-default\" data-id=\"82e2a91\" data-element_type=\"section\" data-e-type=\"section\" data-settings=\"{&quot;_ob_glider_is_slider&quot;:&quot;no&quot;}\">\n\t\t\t\t\t\t<div class=\"elementor-container elementor-column-gap-default\">\n\t\t\t\t\t<div class=\"elementor-column elementor-col-100 elementor-top-column elementor-element elementor-element-ab3981e\" data-id=\"ab3981e\" data-element_type=\"column\" data-e-type=\"column\" data-settings=\"{&quot;_ob_column_hoveranimator&quot;:&quot;no&quot;,&quot;_ob_column_has_pseudo&quot;:&quot;no&quot;}\">\n\t\t\t<div class=\"elementor-widget-wrap elementor-element-populated\">\n\t\t\t\t\t\t<div class=\"elementor-element elementor-element-d007a53 ob-harakiri-inherit ob-has-background-overlay elementor-widget elementor-widget-heading\" data-id=\"d007a53\" data-element_type=\"widget\" data-e-type=\"widget\" data-settings=\"{&quot;_ob_use_harakiri&quot;:&quot;yes&quot;,&quot;_ob_harakiri_writing_mode&quot;:&quot;inherit&quot;,&quot;_ob_harakiri_text_clip&quot;:&quot;none&quot;,&quot;_ob_widget_stalker_use&quot;:&quot;no&quot;,&quot;_ob_poopart_use&quot;:&quot;yes&quot;,&quot;_ob_shadough_use&quot;:&quot;no&quot;,&quot;_ob_allow_hoveranimator&quot;:&quot;no&quot;}\" data-widget_type=\"heading.default\">\n\t\t\t\t\t<h2 class=\"elementor-heading-title elementor-size-default\">Lieferzeit und Versandkosten<\/h2>\t\t\t\t<\/div>\n\t\t\t\t<section class=\"elementor-section elementor-inner-section elementor-element elementor-element-1842f3c elementor-section-boxed elementor-section-height-default elementor-section-height-default\" data-id=\"1842f3c\" data-element_type=\"section\" data-e-type=\"section\" data-settings=\"{&quot;_ob_glider_is_slider&quot;:&quot;no&quot;}\">\n\t\t\t\t\t\t<div class=\"elementor-container elementor-column-gap-default\">\n\t\t\t\t\t<div class=\"elementor-column elementor-col-50 elementor-inner-column elementor-element elementor-element-bba79a1\" data-id=\"bba79a1\" data-element_type=\"column\" data-e-type=\"column\" data-settings=\"{&quot;_ob_column_hoveranimator&quot;:&quot;no&quot;,&quot;_ob_column_has_pseudo&quot;:&quot;no&quot;}\">\n\t\t\t<div class=\"elementor-widget-wrap elementor-element-populated\">\n\t\t\t\t\t\t<div class=\"elementor-element elementor-element-4494543 elementor-widget__width-initial ob-harakiri-inherit ob-has-background-overlay elementor-widget elementor-widget-text-editor\" data-id=\"4494543\" data-element_type=\"widget\" data-e-type=\"widget\" data-settings=\"{&quot;_ob_use_harakiri&quot;:&quot;yes&quot;,&quot;_ob_harakiri_writing_mode&quot;:&quot;inherit&quot;,&quot;_ob_postman_use&quot;:&quot;no&quot;,&quot;_ob_widget_stalker_use&quot;:&quot;no&quot;,&quot;_ob_poopart_use&quot;:&quot;yes&quot;,&quot;_ob_shadough_use&quot;:&quot;no&quot;,&quot;_ob_allow_hoveranimator&quot;:&quot;no&quot;}\" data-widget_type=\"text-editor.default\">\n\t\t\t\t\t\t\t\t\t<p>Wir tun unser Bestes, um die Bestellung so schnell wie m\u00f6glich an Sie auszuliefern. Wir versuchen, Bestellungen, die werktags vor 15:30 Uhr eingehen, noch am selben Tag zu versenden. Dies gelingt uns jedoch nicht immer, da die Produkte manchmal nicht auf Lager sind und die Lieferung Ihrer Bestellung etwas l\u00e4nger dauern kann. Auf der Produktseite ist die Lieferzeit angegeben. Sollten wir diese Lieferzeit aus irgendeinem Grund nicht einhalten k\u00f6nnen, werden wir Sie selbstverst\u00e4ndlich schnellstm\u00f6glich informieren.<\/p>\n<p><strong>Die Versandkosten f\u00fcr die Niederlande betragen: <\/strong><\/p>\n<ul>\n<li>Internationales Briefkastenpaket bis 100 Gramm \u20ac6,95<\/li>\n<li><span style=\"font-style: inherit; background-color: var(--ast-global-color-5);\">Kostenlos f\u00fcr Bestellungen \u00fcber Kostenlos f\u00fcr Bestellungen \u00fcber \u20ac50<\/span><\/li>\n<\/ul>\n<p><strong>Die Versandkosten f\u00fcr Deutschland betragen:<\/strong><\/p>\n<ul>\n<li>Internationales Briefkastenpaket bis 100 Gramm \u20ac8,95<\/li>\n<li><span style=\"font-style: inherit; font-weight: inherit; background-color: var(--ast-global-color-5);\">Kostenlos f\u00fcr Bestellungen \u00fcber Kostenlos f\u00fcr Bestellungen \u00fcber \u20ac100<\/span><\/li>\n<\/ul>\n<p><strong>Die Versandkosten f\u00fcr Belgien betragen:<\/strong><\/p>\n<ul>\n<li>Internationales Briefkastenpaket bis 250 Gramm \u20ac8,95<\/li>\n<li><span style=\"font-style: inherit; font-weight: inherit; background-color: var(--ast-global-color-5);\">Kostenlos f\u00fcr Bestellungen \u00fcber Kostenlos f\u00fcr Bestellungen \u00fcber \u20ac100<\/span><\/li>\n<\/ul>\n<p><strong>Die Versandkosten f\u00fcr Frankreich betragen:<\/strong><\/p>\n<ul>\n<li>Internationales Briefkastenpaket bis 100 Gramm \u20ac13,95<\/li>\n<li><span style=\"font-style: inherit; font-weight: inherit; background-color: var(--ast-global-color-5);\">Kostenlos f\u00fcr Bestellungen \u00fcber Kostenlos f\u00fcr Bestellungen \u00fcber \u20ac100<\/span><\/li>\n<\/ul>\n<p><strong>Die Versandkosten f\u00fcr das Vereinigte K\u00f6nigreich betragen:<\/strong><strong> (UK) bedragen:<\/strong><\/p>\n<ul>\n<li>Internationales Briefkastenpaket bis 100 Gramm \u20ac14,95<\/li>\n<li><span style=\"font-style: inherit; font-weight: inherit; background-color: var(--ast-global-color-5);\">Kostenlos f\u00fcr Bestellungen \u00fcber Kostenlos f\u00fcr Bestellungen \u00fcber \u20ac150<\/span><\/li>\n<\/ul>\n<p><span style=\"font-style: inherit; font-weight: inherit; background-color: var(--ast-global-color-5);\">Die Lieferung erfolgt \u00fcber den Postboten oder Paketzusteller von PostNL. Innerhalb der Niederlande erfolgt die Lieferung am n\u00e4chsten Werktag zwischen 9:00 und 18:00 Uhr. Leider k\u00f6nnen wir den Zeitpunkt der Lieferung nicht garantieren.<\/span><\/p>\t\t\t\t\t\t\t\t<\/div>\n\t\t\t\t\t<\/div>\n\t\t<\/div>\n\t\t\t\t<div class=\"elementor-column elementor-col-50 elementor-inner-column elementor-element elementor-element-8461dca\" data-id=\"8461dca\" data-element_type=\"column\" data-e-type=\"column\" data-settings=\"{&quot;_ob_column_hoveranimator&quot;:&quot;no&quot;,&quot;_ob_column_has_pseudo&quot;:&quot;no&quot;}\">\n\t\t\t<div class=\"elementor-widget-wrap elementor-element-populated\">\n\t\t\t\t\t\t\t<\/div>\n\t\t<\/div>\n\t\t\t\t\t<\/div>\n\t\t<\/section>\n\t\t\t\t\t<\/div>\n\t\t<\/div>\n\t\t\t\t\t<\/div>\n\t\t<\/section>\n\t\t\t\t<\/div>","protected":false},"excerpt":{"rendered":"<p>Levertijd &amp; verzendkosten Wij doen zorgvuldig ons best de bestelling zo spoedig mogelijk bij je af te leveren. Bestellingen die op werkdagen v\u00f3\u00f3r 15:30 worden gedaan, proberen wij dezelfde dag nog te verzenden. Niet altijd lukt het ons echter om dit na te komen, soms zijn producten niet voorradig en dan kan de levering van [&hellip;]<\/p>","protected":false},"author":1,"featured_media":0,"parent":0,"menu_order":0,"comment_status":"closed","ping_status":"closed","template":"","meta":{"_eb_attr":"","site-sidebar-layout":"no-sidebar","site-content-layout":"page-builder","ast-site-content-layout":"default","site-content-style":"default","site-sidebar-style":"default","ast-global-header-display":"","ast-banner-title-visibility":"","ast-main-header-display":"","ast-hfb-above-header-display":"","ast-hfb-below-header-display":"","ast-hfb-mobile-header-display":"","site-post-title":"disabled","ast-breadcrumbs-content":"","ast-featured-img":"disabled","footer-sml-layout":"","ast-disable-related-posts":"","theme-transparent-header-meta":"","adv-header-id-meta":"","stick-header-meta":"","header-above-stick-meta":"","header-main-stick-meta":"","header-below-stick-meta":"","astra-migrate-meta-layouts":"default","ast-page-background-enabled":"default","ast-page-background-meta":{"desktop":{"background-color":"var(--ast-global-color-4)","background-image":"","background-repeat":"repeat","background-position":"center center","background-size":"auto","background-attachment":"scroll","background-type":"","background-media":"","overlay-type":"","overlay-color":"","overlay-opacity":"","overlay-gradient":""},"tablet":{"background-color":"","background-image":"","background-repeat":"repeat","background-position":"center center","background-size":"auto","background-attachment":"scroll","background-type":"","background-media":"","overlay-type":"","overlay-color":"","overlay-opacity":"","overlay-gradient":""},"mobile":{"background-color":"","background-image":"","background-repeat":"repeat","background-position":"center center","background-size":"auto","background-attachment":"scroll","background-type":"","background-media":"","overlay-type":"","overlay-color":"","overlay-opacity":"","overlay-gradient":""}},"ast-content-background-meta":{"desktop":{"background-color":"var(--ast-global-color-5)","background-image":"","background-repeat":"repeat","background-position":"center center","background-size":"auto","background-attachment":"scroll","background-type":"","background-media":"","overlay-type":"","overlay-color":"","overlay-opacity":"","overlay-gradient":""},"tablet":{"background-color":"var(--ast-global-color-5)","background-image":"","background-repeat":"repeat","background-position":"center center","background-size":"auto","background-attachment":"scroll","background-type":"","background-media":"","overlay-type":"","overlay-color":"","overlay-opacity":"","overlay-gradient":""},"mobile":{"background-color":"var(--ast-global-color-5)","background-image":"","background-repeat":"repeat","background-position":"center center","background-size":"auto","background-attachment":"scroll","background-type":"","background-media":"","overlay-type":"","overlay-color":"","overlay-opacity":"","overlay-gradient":""}},"footnotes":""},"class_list":["post-1014","page","type-page","status-publish","hentry"],"_links":{"self":[{"href":"https:\/\/dezzy-s.com\/de\/wp-json\/wp\/v2\/pages\/1014","targetHints":{"allow":["GET"]}}],"collection":[{"href":"https:\/\/dezzy-s.com\/de\/wp-json\/wp\/v2\/pages"}],"about":[{"href":"https:\/\/dezzy-s.com\/de\/wp-json\/wp\/v2\/types\/page"}],"author":[{"embeddable":true,"href":"https:\/\/dezzy-s.com\/de\/wp-json\/wp\/v2\/users\/1"}],"replies":[{"embeddable":true,"href":"https:\/\/dezzy-s.com\/de\/wp-json\/wp\/v2\/comments?post=1014"}],"version-history":[{"count":19,"href":"https:\/\/dezzy-s.com\/de\/wp-json\/wp\/v2\/pages\/1014\/revisions"}],"predecessor-version":[{"id":5424,"href":"https:\/\/dezzy-s.com\/de\/wp-json\/wp\/v2\/pages\/1014\/revisions\/5424"}],"wp:attachment":[{"href":"https:\/\/dezzy-s.com\/de\/wp-json\/wp\/v2\/media?parent=1014"}],"curies":[{"name":"wp","href":"https:\/\/api.w.org\/{rel}","templated":true}]}}