{"id":1041,"date":"2023-02-28T12:07:18","date_gmt":"2023-02-28T12:07:18","guid":{"rendered":"https:\/\/flexx-dev1.nl\/?page_id=1041"},"modified":"2024-04-22T08:42:06","modified_gmt":"2024-04-22T08:42:06","slug":"partnerships","status":"publish","type":"page","link":"https:\/\/dezzy-s.com\/de\/partnerships\/","title":{"rendered":"Partnerschaften"},"content":{"rendered":"<div data-elementor-type=\"wp-page\" data-elementor-id=\"1041\" class=\"elementor elementor-1041\" data-elementor-post-type=\"page\">\n\t\t\t\t\t\t<section class=\"elementor-section elementor-top-section elementor-element elementor-element-da39b66 elementor-section-boxed elementor-section-height-default elementor-section-height-default\" data-id=\"da39b66\" data-element_type=\"section\" data-e-type=\"section\" data-settings=\"{&quot;_ob_glider_is_slider&quot;:&quot;no&quot;}\">\n\t\t\t\t\t\t<div class=\"elementor-container elementor-column-gap-default\">\n\t\t\t\t\t<div class=\"elementor-column elementor-col-50 elementor-top-column elementor-element elementor-element-00fe2d8\" data-id=\"00fe2d8\" data-element_type=\"column\" data-e-type=\"column\" data-settings=\"{&quot;_ob_column_hoveranimator&quot;:&quot;no&quot;,&quot;_ob_column_has_pseudo&quot;:&quot;no&quot;}\">\n\t\t\t<div class=\"elementor-widget-wrap elementor-element-populated\">\n\t\t\t\t\t\t<div class=\"elementor-element elementor-element-eab6334 ob-has-background-overlay elementor-widget elementor-widget-image\" data-id=\"eab6334\" data-element_type=\"widget\" data-e-type=\"widget\" data-settings=\"{&quot;_ob_photomorph_use&quot;:&quot;no&quot;,&quot;_ob_widget_stalker_use&quot;:&quot;no&quot;,&quot;_ob_poopart_use&quot;:&quot;yes&quot;,&quot;_ob_shadough_use&quot;:&quot;no&quot;,&quot;_ob_allow_hoveranimator&quot;:&quot;no&quot;}\" data-widget_type=\"image.default\">\n\t\t\t\t\t\t\t\t\t\t\t\t\t\t\t<img fetchpriority=\"high\" decoding=\"async\" width=\"2400\" height=\"2400\" src=\"https:\/\/dezzy-s.com\/wp-content\/uploads\/2023\/03\/Op-maat-gemaakte-afmetingen-1200x1200-px-408.jpeg\" class=\"attachment-full size-full wp-image-2782\" alt=\"\" srcset=\"https:\/\/dezzy-s.com\/wp-content\/uploads\/2023\/03\/Op-maat-gemaakte-afmetingen-1200x1200-px-408.jpeg 2400w, https:\/\/dezzy-s.com\/wp-content\/uploads\/2023\/03\/Op-maat-gemaakte-afmetingen-1200x1200-px-408-300x300.jpeg 300w, https:\/\/dezzy-s.com\/wp-content\/uploads\/2023\/03\/Op-maat-gemaakte-afmetingen-1200x1200-px-408-1024x1024.jpeg 1024w, https:\/\/dezzy-s.com\/wp-content\/uploads\/2023\/03\/Op-maat-gemaakte-afmetingen-1200x1200-px-408-150x150.jpeg 150w, https:\/\/dezzy-s.com\/wp-content\/uploads\/2023\/03\/Op-maat-gemaakte-afmetingen-1200x1200-px-408-768x768.jpeg 768w, https:\/\/dezzy-s.com\/wp-content\/uploads\/2023\/03\/Op-maat-gemaakte-afmetingen-1200x1200-px-408-1536x1536.jpeg 1536w, https:\/\/dezzy-s.com\/wp-content\/uploads\/2023\/03\/Op-maat-gemaakte-afmetingen-1200x1200-px-408-2048x2048.jpeg 2048w, https:\/\/dezzy-s.com\/wp-content\/uploads\/2023\/03\/Op-maat-gemaakte-afmetingen-1200x1200-px-408-12x12.jpeg 12w, https:\/\/dezzy-s.com\/wp-content\/uploads\/2023\/03\/Op-maat-gemaakte-afmetingen-1200x1200-px-408-600x600.jpeg 600w, https:\/\/dezzy-s.com\/wp-content\/uploads\/2023\/03\/Op-maat-gemaakte-afmetingen-1200x1200-px-408-100x100.jpeg 100w\" sizes=\"(max-width: 2400px) 100vw, 2400px\" \/>\t\t\t\t\t\t\t\t\t\t\t\t\t\t\t<\/div>\n\t\t\t\t\t<\/div>\n\t\t<\/div>\n\t\t\t\t<div class=\"elementor-column elementor-col-50 elementor-top-column elementor-element elementor-element-8f0d9fe\" data-id=\"8f0d9fe\" data-element_type=\"column\" data-e-type=\"column\" data-settings=\"{&quot;_ob_column_hoveranimator&quot;:&quot;no&quot;,&quot;_ob_column_has_pseudo&quot;:&quot;no&quot;}\">\n\t\t\t<div class=\"elementor-widget-wrap elementor-element-populated\">\n\t\t\t\t\t\t<div class=\"elementor-element elementor-element-292da82 ob-has-background-overlay elementor-widget elementor-widget-image\" data-id=\"292da82\" data-element_type=\"widget\" data-e-type=\"widget\" data-settings=\"{&quot;_ob_photomorph_use&quot;:&quot;no&quot;,&quot;_ob_widget_stalker_use&quot;:&quot;no&quot;,&quot;_ob_poopart_use&quot;:&quot;yes&quot;,&quot;_ob_shadough_use&quot;:&quot;no&quot;,&quot;_ob_allow_hoveranimator&quot;:&quot;no&quot;}\" data-widget_type=\"image.default\">\n\t\t\t\t\t\t\t\t\t\t\t\t\t\t\t<img decoding=\"async\" width=\"800\" height=\"800\" src=\"https:\/\/dezzy-s.com\/wp-content\/uploads\/2023\/02\/img_8886jpg-1.webp\" class=\"attachment-full size-full wp-image-724\" alt=\"\" srcset=\"https:\/\/dezzy-s.com\/wp-content\/uploads\/2023\/02\/img_8886jpg-1.webp 800w, https:\/\/dezzy-s.com\/wp-content\/uploads\/2023\/02\/img_8886jpg-1-300x300.webp 300w, https:\/\/dezzy-s.com\/wp-content\/uploads\/2023\/02\/img_8886jpg-1-150x150.webp 150w, https:\/\/dezzy-s.com\/wp-content\/uploads\/2023\/02\/img_8886jpg-1-768x768.webp 768w, https:\/\/dezzy-s.com\/wp-content\/uploads\/2023\/02\/img_8886jpg-1-600x600.webp 600w, https:\/\/dezzy-s.com\/wp-content\/uploads\/2023\/02\/img_8886jpg-1-100x100.webp 100w\" sizes=\"(max-width: 800px) 100vw, 800px\" \/>\t\t\t\t\t\t\t\t\t\t\t\t\t\t\t<\/div>\n\t\t\t\t\t<\/div>\n\t\t<\/div>\n\t\t\t\t\t<\/div>\n\t\t<\/section>\n\t\t\t\t<section class=\"elementor-section elementor-top-section elementor-element elementor-element-82e2a91 elementor-section-boxed elementor-section-height-default elementor-section-height-default\" data-id=\"82e2a91\" data-element_type=\"section\" data-e-type=\"section\" data-settings=\"{&quot;_ob_glider_is_slider&quot;:&quot;no&quot;}\">\n\t\t\t\t\t\t<div class=\"elementor-container elementor-column-gap-default\">\n\t\t\t\t\t<div class=\"elementor-column elementor-col-100 elementor-top-column elementor-element elementor-element-ab3981e\" data-id=\"ab3981e\" data-element_type=\"column\" data-e-type=\"column\" data-settings=\"{&quot;_ob_column_hoveranimator&quot;:&quot;no&quot;,&quot;_ob_column_has_pseudo&quot;:&quot;no&quot;}\">\n\t\t\t<div class=\"elementor-widget-wrap elementor-element-populated\">\n\t\t\t\t\t\t<div class=\"elementor-element elementor-element-d007a53 ob-harakiri-inherit ob-has-background-overlay elementor-widget elementor-widget-heading\" data-id=\"d007a53\" data-element_type=\"widget\" data-e-type=\"widget\" data-settings=\"{&quot;_ob_use_harakiri&quot;:&quot;yes&quot;,&quot;_ob_harakiri_writing_mode&quot;:&quot;inherit&quot;,&quot;_ob_harakiri_text_clip&quot;:&quot;none&quot;,&quot;_ob_widget_stalker_use&quot;:&quot;no&quot;,&quot;_ob_poopart_use&quot;:&quot;yes&quot;,&quot;_ob_shadough_use&quot;:&quot;no&quot;,&quot;_ob_allow_hoveranimator&quot;:&quot;no&quot;}\" data-widget_type=\"heading.default\">\n\t\t\t\t\t<h2 class=\"elementor-heading-title elementor-size-default\">Partnerschaften<\/h2>\t\t\t\t<\/div>\n\t\t\t\t<div class=\"elementor-element elementor-element-4b74f15 ob-harakiri-inherit ob-has-background-overlay elementor-widget elementor-widget-text-editor\" data-id=\"4b74f15\" data-element_type=\"widget\" data-e-type=\"widget\" data-settings=\"{&quot;_ob_use_harakiri&quot;:&quot;yes&quot;,&quot;_ob_harakiri_writing_mode&quot;:&quot;inherit&quot;,&quot;_ob_postman_use&quot;:&quot;no&quot;,&quot;_ob_widget_stalker_use&quot;:&quot;no&quot;,&quot;_ob_poopart_use&quot;:&quot;yes&quot;,&quot;_ob_shadough_use&quot;:&quot;no&quot;,&quot;_ob_allow_hoveranimator&quot;:&quot;no&quot;}\" data-widget_type=\"text-editor.default\">\n\t\t\t\t\t\t\t\t\t<div id=\"jw-element-188096446\" class=\"jw-tree-node jw-element jw-image-text jw-node-is-first-child\" data-jw-element-id=\"188096446\"><div class=\"jw-element-imagetext-text\"><h4>Verdienen Sie 10 % Provision f\u00fcr jede erfolgreiche Empfehlung!\u00a0<\/h4><\/div><\/div><div id=\"jw-element-188097947\" class=\"jw-tree-node jw-element jw-spacer\" data-jw-element-id=\"188097947\"><div class=\"jw-element-spacer-container\"><span style=\"font-style: inherit; font-weight: inherit; background-color: var(--ast-global-color-5);\">DEZZY'S COLORED LENSES ist <\/span><strong style=\"font-style: inherit; background-color: var(--ast-global-color-5);\">immer gr\u00f6\u00dfer und besser!<\/strong><span style=\"font-style: inherit; font-weight: inherit; background-color: var(--ast-global-color-5);\"> Mit einem gro\u00dfen Netzwerk an Influencern und Kunden ist THE DEZZY FACTORY derzeit eines der am schnellsten wachsenden Modeunternehmen. Im Jahr 2021 brachten sie ihre eigene Linie farbiger Linsen auf den Markt, was bedeutet, dass sie bereits in verschiedenen Varianten erh\u00e4ltlich sind <\/span><strong style=\"font-style: inherit; background-color: var(--ast-global-color-5);\">media<\/strong><span style=\"font-style: inherit; font-weight: inherit; background-color: var(--ast-global-color-5);\"> sind geendet. Denken Sie an Videoland, Editie NL, RTL4, Make Up Your Mind, verschiedene Interviews, <\/span><strong style=\"font-style: inherit; background-color: var(--ast-global-color-5);\">samenwerkingen<\/strong><span style=\"font-style: inherit; font-weight: inherit; background-color: var(--ast-global-color-5);\"> mit bekannten Influencern wie Jessie Maya, Sarah van Soelen, Janiceblok, Sylvia Geersen usw. Wie Sie sich vorstellen k\u00f6nnen, haben sie in kurzer Zeit ein breites Netzwerk aufgebaut. <\/span><span style=\"font-style: inherit; font-weight: inherit; background-color: var(--ast-global-color-5);\">Weil sie sich als Mode-Webshop mit einer eigenen Linie profilieren\u00a0<\/span><strong style=\"font-style: inherit; background-color: var(--ast-global-color-5);\">FARBLINSEN<\/strong><span style=\"font-style: inherit; font-weight: inherit; background-color: var(--ast-global-color-5);\">, sie geh\u00f6ren zu einem\u00a0<\/span><strong style=\"font-style: inherit; background-color: var(--ast-global-color-5);\">exclusief<\/strong><span style=\"font-style: inherit; font-weight: inherit; background-color: var(--ast-global-color-5);\">\u00a0Modemarke, die noch weiter expandieren m\u00f6chte! Und dabei brauchen sie Ihre Hilfe.<\/span><\/div><\/div><div id=\"jw-element-188063810\" class=\"jw-tree-node jw-element jw-image-text\" data-jw-element-id=\"188063810\"><div class=\"jw-element-imagetext-text\"><div class=\"\"><div class=\"\"><div class=\"\"><p>\u00a0<\/p><p><span style=\"font-style: inherit; font-weight: inherit; background-color: var(--ast-global-color-5);\">DEZZY'S sucht ein Exklusives\u00a0<\/span><strong style=\"font-style: inherit; background-color: var(--ast-global-color-5);\">dream team!<\/strong><span style=\"font-style: inherit; font-weight: inherit; background-color: var(--ast-global-color-5);\">\u00a0Ein Dream team vol\u00a0<\/span><strong style=\"font-style: inherit; background-color: var(--ast-global-color-5);\">Botschafter\u00a0<\/strong><span style=\"font-style: inherit; font-weight: inherit; background-color: var(--ast-global-color-5);\">mit unterschiedlichem Hintergrund, die sie selbst sind, sich von der Masse abheben, keine Angst haben und voller Motivation sind. Dieses Dreamteam ist das\u00a0<\/span><strong style=\"font-style: inherit; background-color: var(--ast-global-color-5);\">Vertreter<\/strong><span style=\"font-style: inherit; font-weight: inherit; background-color: var(--ast-global-color-5);\">\u00a0von einer aufstrebenden Modemarke\u00a0<\/span><strong style=\"font-style: inherit; background-color: var(--ast-global-color-5);\">Dezzy<\/strong><span style=\"font-style: inherit; font-weight: inherit; background-color: var(--ast-global-color-5);\">. <\/span><span style=\"font-style: inherit; font-weight: inherit; background-color: var(--ast-global-color-5);\">DEZZY'S ist daher auf der Suche\u00a0<\/span><strong style=\"font-style: inherit; background-color: var(--ast-global-color-5);\">Botschafter<\/strong><span style=\"font-style: inherit; font-weight: inherit; background-color: var(--ast-global-color-5);\">\u00a0die andere wollen\u00a0<\/span><strong style=\"font-style: inherit; background-color: var(--ast-global-color-5);\">inspirieren<\/strong><span style=\"font-style: inherit; font-weight: inherit; background-color: var(--ast-global-color-5);\">\u00a0mit ihren Erfahrungen und ihrer Kreativit\u00e4t\u00a0<\/span><strong style=\"font-style: inherit; background-color: var(--ast-global-color-5);\">Reflexionen<\/strong><span style=\"font-style: inherit; font-weight: inherit; background-color: var(--ast-global-color-5);\">\u00a0zum Thema Diversit\u00e4t.<\/span><\/p><p><span style=\"font-style: inherit; font-weight: inherit; background-color: var(--ast-global-color-5);\">Hatten Sie schon immer ein starkes Gef\u00fchl f\u00fcr\u00a0<\/span><strong style=\"font-style: inherit; background-color: var(--ast-global-color-5);\">fashion<\/strong><span style=\"font-style: inherit; font-weight: inherit; background-color: var(--ast-global-color-5);\">? Hatten Sie schon immer Interesse daran\u00a0<\/span><strong style=\"font-style: inherit; background-color: var(--ast-global-color-5);\">sich im Vertrieb<\/strong><span style=\"font-style: inherit; font-weight: inherit; background-color: var(--ast-global-color-5);\">\u00a0weiterzuentwickeln? Und m\u00f6chten Sie THE DEZZY FACTORY dabei helfen, etwas zu bewirken? Dann kooperieren Sie mit ihm\u00a0<\/span><strong style=\"font-style: inherit; background-color: var(--ast-global-color-5);\">succes<\/strong><span style=\"font-style: inherit; font-weight: inherit; background-color: var(--ast-global-color-5);\">\u00a0und werden mit Ihren Leistungen belohnt\u00a0<\/span><strong style=\"font-style: inherit; background-color: var(--ast-global-color-5);\">Ergebnisse<\/strong><span style=\"font-style: inherit; font-weight: inherit; background-color: var(--ast-global-color-5);\">! Je mehr Ergebnisse, desto gr\u00f6\u00dfer\u00a0<\/span><strong style=\"font-style: inherit; background-color: var(--ast-global-color-5);\">Belohnung.<\/strong><\/p><\/div><\/div><\/div><\/div><div class=\"jw-element-separator-padding\"><strong style=\"font-size: 16px;\">Die Vorteile einer Affiliate-Partnerschaft\u00a0<\/strong><\/div><\/div><div id=\"jw-element-188097865\" class=\"jw-tree-node jw-element jw-image-text\" data-jw-element-id=\"188097865\"><div class=\"jw-element-imagetext-text\"><ul><li>Sie werden f\u00fcr den Verkauf aller unserer Produkte bezahlt<\/li><li>Wir haben regelm\u00e4\u00dfig verschiedene Aktionen, von denen Sie profitieren k\u00f6nnen<\/li><li>Sie werden jeden Monat bezahlt<\/li><li>Sie profitieren von unserer hohen Markenbekanntheit und Medienaufmerksamkeit<\/li><li>Sie werden auf unserer Website und auf unseren Social-Media-Seiten als Markenbotschafter und Mitglied von Dezzys Dream-Team beworben<\/li><\/ul><\/div><\/div><div id=\"jw-element-188097778\" class=\"jw-tree-node jw-element jw-separator\" data-jw-element-id=\"188097778\"><div class=\"jw-element-separator-padding\"><hr class=\"jw-element-separator jw-element-separator--thin jw-element-separator--solid\" \/><\/div><\/div><div id=\"jw-element-188097819\" class=\"jw-tree-node jw-element jw-image-text\" data-jw-element-id=\"188097819\"><div class=\"jw-element-imagetext-text\"><p><strong>Wie funktioniert es?\u00a0<\/strong><\/p><p><span style=\"font-style: inherit; font-weight: inherit; background-color: var(--ast-global-color-5);\">Mit unserem Botschafterprogramm sind keine Kosten verbunden. Sie k\u00f6nnen Ihr Konto jederzeit k\u00fcndigen, ohne Verpflichtungen. Sie erstellen also kostenlos ein Konto und k\u00f6nnen sofort loslegen!<\/span><\/p><p><span style=\"font-style: inherit; font-weight: inherit; background-color: var(--ast-global-color-5);\">Nachdem Sie ein Konto erstellt haben, steht Ihnen eine gro\u00dfe Auswahl an Werbematerialien zum Werben zur Verf\u00fcgung. Denken Sie an Banner und\/oder Rabattcodes.\u00a0<\/span><\/p><p><span style=\"font-style: inherit; font-weight: inherit; background-color: var(--ast-global-color-5);\">Dann fangen Sie an zu verdienen! Bei jeder erfolgreichen Empfehlung erhalten Sie 10 % pro verkauftem Produkt. Die Provision gilt f\u00fcr das gesamte Sortiment und nicht nur f\u00fcr das, was Sie beworben haben. Wir helfen Ihnen gerne dabei, Ihr Einkommen zu maximieren.\u00a0<\/span><\/p><p><strong style=\"font-style: inherit; background-color: var(--ast-global-color-5);\">Registrieren Sie sich als Affiliate-Partner<\/strong><\/p><p><span style=\"font-style: inherit; font-weight: inherit; background-color: var(--ast-global-color-5);\">Sie k\u00f6nnen sich bei unserem Affiliate-Netzwerk Daisycon registrieren. Innerhalb von ein bis zwei Werktagen erhalten Sie Zugriff auf alles, was Sie f\u00fcr den Einstieg ben\u00f6tigen. Und gerne denken wir gemeinsam mit Ihnen dar\u00fcber nach, wie Sie m\u00f6glichst viel verkaufen k\u00f6nnen.<\/span><\/p><\/div><\/div>\t\t\t\t\t\t\t\t<\/div>\n\t\t\t\t<div class=\"elementor-element elementor-element-25e837f elementor-align-left ob-has-background-overlay elementor-widget elementor-widget-button\" data-id=\"25e837f\" data-element_type=\"widget\" data-e-type=\"widget\" data-settings=\"{&quot;_ob_butterbutton_use_it&quot;:&quot;no&quot;,&quot;_ob_widget_stalker_use&quot;:&quot;no&quot;,&quot;_ob_poopart_use&quot;:&quot;yes&quot;,&quot;_ob_shadough_use&quot;:&quot;no&quot;,&quot;_ob_allow_hoveranimator&quot;:&quot;no&quot;}\" data-widget_type=\"button.default\">\n\t\t\t\t\t\t\t\t\t\t<a class=\"elementor-button elementor-button-link elementor-size-sm\" href=\"https:\/\/www.daisycon.com\/nl\/campagnes\/19159-dezzys-nl\/?utm_source=campaign-signup&#038;utm_medium=html-link&#038;utm_campaign=19159&#038;utm_content=Affiliate%20marketing\" target=\"_blank\" rel=\"noopener\">\n\t\t\t\t\t\t<span class=\"elementor-button-content-wrapper\">\n\t\t\t\t\t\t<span class=\"elementor-button-icon\">\n\t\t\t\t<i aria-hidden=\"true\" class=\"fas fa-plus-circle\"><\/i>\t\t\t<\/span>\n\t\t\t\t\t\t\t\t\t<span class=\"elementor-button-text\">Hier anmelden<\/span>\n\t\t\t\t\t<\/span>\n\t\t\t\t\t<\/a>\n\t\t\t\t\t\t\t\t<\/div>\n\t\t\t\t\t<\/div>\n\t\t<\/div>\n\t\t\t\t\t<\/div>\n\t\t<\/section>\n\t\t\t\t<\/div>","protected":false},"excerpt":{"rendered":"<p>Partnerships Verdien 10% commissie voor elke succesvolle verwijzing!\u00a0 DEZZY&#8217;S COLORED LENSES is getting bigger and better! Met een groot netwerk aan influencers en klanten is THE DEZZY FACTORY \u00e9\u00e9n van de meest snelgroeiende modebedrijven op dit moment. In 2021 hebben zij hun eigen lijn kleurlenzen gelanceerd waardoor zij al in verschillende media terecht zijn gekomen. [&hellip;]<\/p>","protected":false},"author":1,"featured_media":0,"parent":0,"menu_order":0,"comment_status":"closed","ping_status":"closed","template":"","meta":{"_eb_attr":"","site-sidebar-layout":"no-sidebar","site-content-layout":"page-builder","ast-site-content-layout":"default","site-content-style":"default","site-sidebar-style":"default","ast-global-header-display":"","ast-banner-title-visibility":"","ast-main-header-display":"","ast-hfb-above-header-display":"","ast-hfb-below-header-display":"","ast-hfb-mobile-header-display":"","site-post-title":"disabled","ast-breadcrumbs-content":"","ast-featured-img":"disabled","footer-sml-layout":"","ast-disable-related-posts":"","theme-transparent-header-meta":"","adv-header-id-meta":"","stick-header-meta":"","header-above-stick-meta":"","header-main-stick-meta":"","header-below-stick-meta":"","astra-migrate-meta-layouts":"default","ast-page-background-enabled":"default","ast-page-background-meta":{"desktop":{"background-color":"var(--ast-global-color-4)","background-image":"","background-repeat":"repeat","background-position":"center center","background-size":"auto","background-attachment":"scroll","background-type":"","background-media":"","overlay-type":"","overlay-color":"","overlay-opacity":"","overlay-gradient":""},"tablet":{"background-color":"","background-image":"","background-repeat":"repeat","background-position":"center center","background-size":"auto","background-attachment":"scroll","background-type":"","background-media":"","overlay-type":"","overlay-color":"","overlay-opacity":"","overlay-gradient":""},"mobile":{"background-color":"","background-image":"","background-repeat":"repeat","background-position":"center center","background-size":"auto","background-attachment":"scroll","background-type":"","background-media":"","overlay-type":"","overlay-color":"","overlay-opacity":"","overlay-gradient":""}},"ast-content-background-meta":{"desktop":{"background-color":"var(--ast-global-color-5)","background-image":"","background-repeat":"repeat","background-position":"center center","background-size":"auto","background-attachment":"scroll","background-type":"","background-media":"","overlay-type":"","overlay-color":"","overlay-opacity":"","overlay-gradient":""},"tablet":{"background-color":"var(--ast-global-color-5)","background-image":"","background-repeat":"repeat","background-position":"center center","background-size":"auto","background-attachment":"scroll","background-type":"","background-media":"","overlay-type":"","overlay-color":"","overlay-opacity":"","overlay-gradient":""},"mobile":{"background-color":"var(--ast-global-color-5)","background-image":"","background-repeat":"repeat","background-position":"center center","background-size":"auto","background-attachment":"scroll","background-type":"","background-media":"","overlay-type":"","overlay-color":"","overlay-opacity":"","overlay-gradient":""}},"footnotes":""},"class_list":["post-1041","page","type-page","status-publish","hentry"],"_links":{"self":[{"href":"https:\/\/dezzy-s.com\/de\/wp-json\/wp\/v2\/pages\/1041","targetHints":{"allow":["GET"]}}],"collection":[{"href":"https:\/\/dezzy-s.com\/de\/wp-json\/wp\/v2\/pages"}],"about":[{"href":"https:\/\/dezzy-s.com\/de\/wp-json\/wp\/v2\/types\/page"}],"author":[{"embeddable":true,"href":"https:\/\/dezzy-s.com\/de\/wp-json\/wp\/v2\/users\/1"}],"replies":[{"embeddable":true,"href":"https:\/\/dezzy-s.com\/de\/wp-json\/wp\/v2\/comments?post=1041"}],"version-history":[{"count":38,"href":"https:\/\/dezzy-s.com\/de\/wp-json\/wp\/v2\/pages\/1041\/revisions"}],"predecessor-version":[{"id":5880,"href":"https:\/\/dezzy-s.com\/de\/wp-json\/wp\/v2\/pages\/1041\/revisions\/5880"}],"wp:attachment":[{"href":"https:\/\/dezzy-s.com\/de\/wp-json\/wp\/v2\/media?parent=1041"}],"curies":[{"name":"wp","href":"https:\/\/api.w.org\/{rel}","templated":true}]}}