{"id":2904,"date":"2023-03-31T11:43:22","date_gmt":"2023-03-31T11:43:22","guid":{"rendered":"https:\/\/dezzy-s.com\/?page_id=2904"},"modified":"2023-04-03T11:45:03","modified_gmt":"2023-04-03T11:45:03","slug":"kleurlenzen-gebruiksaanwijzing","status":"publish","type":"page","link":"https:\/\/dezzy-s.com\/de\/kleurlenzen-gebruiksaanwijzing\/","title":{"rendered":"Anleitung zur Verwendung farblinsen"},"content":{"rendered":"<div data-elementor-type=\"wp-page\" data-elementor-id=\"2904\" class=\"elementor elementor-2904\" data-elementor-post-type=\"page\">\n\t\t\t\t\t\t<section class=\"elementor-section elementor-top-section elementor-element elementor-element-82e2a91 elementor-section-boxed elementor-section-height-default elementor-section-height-default\" data-id=\"82e2a91\" data-element_type=\"section\" data-e-type=\"section\" data-settings=\"{&quot;_ob_glider_is_slider&quot;:&quot;no&quot;}\">\n\t\t\t\t\t\t<div class=\"elementor-container elementor-column-gap-default\">\n\t\t\t\t\t<div class=\"elementor-column elementor-col-50 elementor-top-column elementor-element elementor-element-ab3981e\" data-id=\"ab3981e\" data-element_type=\"column\" data-e-type=\"column\" data-settings=\"{&quot;_ob_column_hoveranimator&quot;:&quot;no&quot;,&quot;_ob_column_has_pseudo&quot;:&quot;no&quot;}\">\n\t\t\t<div class=\"elementor-widget-wrap elementor-element-populated\">\n\t\t\t\t\t\t<div class=\"elementor-element elementor-element-d007a53 ob-harakiri-inherit ob-has-background-overlay elementor-widget elementor-widget-heading\" data-id=\"d007a53\" data-element_type=\"widget\" data-e-type=\"widget\" data-settings=\"{&quot;_ob_use_harakiri&quot;:&quot;yes&quot;,&quot;_ob_harakiri_writing_mode&quot;:&quot;inherit&quot;,&quot;_ob_harakiri_text_clip&quot;:&quot;none&quot;,&quot;_ob_widget_stalker_use&quot;:&quot;no&quot;,&quot;_ob_poopart_use&quot;:&quot;yes&quot;,&quot;_ob_shadough_use&quot;:&quot;no&quot;,&quot;_ob_allow_hoveranimator&quot;:&quot;no&quot;}\" data-widget_type=\"heading.default\">\n\t\t\t\t\t<h2 class=\"elementor-heading-title elementor-size-default\">Anleitung zur Verwendung farblinsen<\/h2>\t\t\t\t<\/div>\n\t\t\t\t<div class=\"elementor-element elementor-element-4b74f15 ob-harakiri-inherit ob-has-background-overlay elementor-widget elementor-widget-text-editor\" data-id=\"4b74f15\" data-element_type=\"widget\" data-e-type=\"widget\" data-settings=\"{&quot;_ob_use_harakiri&quot;:&quot;yes&quot;,&quot;_ob_harakiri_writing_mode&quot;:&quot;inherit&quot;,&quot;_ob_postman_use&quot;:&quot;no&quot;,&quot;_ob_widget_stalker_use&quot;:&quot;no&quot;,&quot;_ob_poopart_use&quot;:&quot;yes&quot;,&quot;_ob_shadough_use&quot;:&quot;no&quot;,&quot;_ob_allow_hoveranimator&quot;:&quot;no&quot;}\" data-widget_type=\"text-editor.default\">\n\t\t\t\t\t\t\t\t\t<p>Wir empfehlen Ihnen dringend, alle Anweisungen Ihres Augenarztes sowie alle in diesem Dokument beschriebenen Anweisungen und die Anweisungen auf dem Etikett Ihres Linsenpflegeprodukts zu befolgen.<br \/>Zu Ihrer optimalen Sicherheit lesen und befolgen Sie die folgenden Anweisungen zum Tragen von Kontaktlinsen sorgf\u00e4ltig:<\/p><p><strong>Modalit\u00e4ten<\/strong><\/p><p>Bei diesen Farblinsen handelt es sich um Jahreslinsen, die nach dem \u00d6ffnen der Packung maximal 12 Monate lang t\u00e4glich getragen werden k\u00f6nnen.<\/p><p><strong>Anwendungen<\/strong><\/p><p>Nehmen Sie die Linsen aus der Verpackung, legen Sie sie in Ihre Handfl\u00e4che und tr\u00e4nken Sie sie mit ein paar Tropfen Linsenl\u00f6sung. Sp\u00fclen Sie jede Seite der Linsen 10 bis 15 Sekunden lang in einer Vorw\u00e4rtsbewegung ab, bevor Sie sie auf Ihren Augen tragen.<\/p><p>Bereiten Sie einen sauberen Linsenbeh\u00e4lter vor, in dem Sie Ihre Linsen aufbewahren k\u00f6nnen, nachdem Sie sie herausgenommen haben. Stellen Sie sicher, dass Sie den Linsenbeh\u00e4lter mit einer \u00e4hnlichen Mehrzweck-Linsenl\u00f6sung aussp\u00fclen, bevor Sie Ihre Linsen aufbewahren. F\u00fcllen Sie beide Beh\u00e4lter mit frischer Fl\u00fcssigkeit, um die Linse w\u00e4hrend der Lagerung mit Feuchtigkeit zu versorgen, und schlie\u00dfen Sie die Deckel fest. Wiederholen Sie die oben genannten Schritte, wenn Sie Ihre Kontaktlinsen erneut tragen und aufbewahren.<\/p><p><strong>So tragen Sie eine Linse:<\/strong><br \/>1. \u00dcberpr\u00fcfen Sie die richtige und falsche Seite des Objektivs.<br \/>2. Setzen Sie die Linse auf den rechten zweiten Finger.<br \/>3. \u00d6ffnen Sie Ihr Auge weit, indem Sie mit dem linken Mittelfinger am oberen Augenlid und mit dem rechten Mittelfinger am unteren Augenlid ziehen.<\/p><p>4. Setzen Sie die Linse vorsichtig auf die Pupille.<br \/>5. Schlie\u00dfen Sie vorsichtig Ihr Auge, um die Linse zu zentrieren, und ber\u00fchren Sie sanft das Augenlid.<\/p><p><strong>So nehmen Sie das Objektiv ab:<\/strong><\/p><p>1. \u00d6ffnen Sie Ihr Auge mit den Fingern weit.<br \/>2. Entfernen Sie die Linse, indem Sie sie mit dem rechten Daumen und dem zweiten Finger fassen.<\/p><p><strong>Komfort-Ratschl\u00e4ge<\/strong><\/p><p>Wenn Sie Beschwerden versp\u00fcren (z. B. Schmerzen, Juckreiz, Reizung, Brennen, R\u00f6tung), nehmen Sie Ihre Linsen heraus, reinigen Sie sie gr\u00fcndlich mit einer neuen L\u00f6sung und stellen Sie sicher, dass sie wieder richtig auf Ihren Augen getragen werden. Bei anhaltenden Beschwerden empfehlen wir Ihnen dringend, zur Untersuchung\/Beratung den n\u00e4chstgelegenen Augenarzt aufzusuchen.<\/p><p><strong>Kontraindikationen<\/strong><\/p><p>Gefaltete\/lose Linsen werden f\u00fcr die Restaurierung nicht empfohlen. Wenn Sie ein gefaltetes oder abgenommenes Objektiv erwerben, verwenden Sie die Objektive bitte nicht, sondern wenden Sie sich an unseren Kundenservice.<\/p><p>Ausgetrocknete Linsen sollten sofort entsorgt werden. Wenn Sie bemerken, dass die Blasen auf der Linse getrocknet sind und die Linsen darin steif geworden sind, sollten Sie sie nicht rehydrieren, um sie wieder verwendbar zu machen.<\/p><p><strong>Warnungen<\/strong><\/p><p>Verwenden Sie niemals Speichel, hausgemachte Kochsalzl\u00f6sung und\/oder Leitungswasser zur Desinfektion Ihrer Linsen. Entsorgen Sie nach der Reparatur Ihrer Linsen die alte L\u00f6sung aus den Linsenbeh\u00e4ltern und ersetzen Sie sie durch eine neue L\u00f6sung, damit die Linsen darin bleiben.<\/p><p><strong>Empfehlungen<\/strong><\/p><p>Beim Kauf von Kontaktlinsen empfehlen wir Ihnen dringend, das Produkt zu pr\u00fcfen. \u00dcberpr\u00fcfen Sie den Zustand der Linsen, um sicherzustellen, dass Sie die richtige Farbe und\/oder St\u00e4rke, einen guten Zustand und ausreichend hydrierte Kontaktlinsen erhalten.<\/p><p>Benutzen Sie die Linsen nicht wieder, wenn sie besch\u00e4digt sind.<\/p>\t\t\t\t\t\t\t\t<\/div>\n\t\t\t\t<div class=\"elementor-element elementor-element-ee8565a ob-has-background-overlay elementor-widget elementor-widget-gallery\" data-id=\"ee8565a\" data-element_type=\"widget\" data-e-type=\"widget\" data-settings=\"{&quot;columns&quot;:3,&quot;columns_mobile&quot;:2,&quot;gap&quot;:{&quot;unit&quot;:&quot;px&quot;,&quot;size&quot;:73,&quot;sizes&quot;:[]},&quot;aspect_ratio&quot;:&quot;1:1&quot;,&quot;lazyload&quot;:&quot;yes&quot;,&quot;gallery_layout&quot;:&quot;grid&quot;,&quot;columns_tablet&quot;:2,&quot;gap_tablet&quot;:{&quot;unit&quot;:&quot;px&quot;,&quot;size&quot;:10,&quot;sizes&quot;:[]},&quot;gap_mobile&quot;:{&quot;unit&quot;:&quot;px&quot;,&quot;size&quot;:10,&quot;sizes&quot;:[]},&quot;link_to&quot;:&quot;file&quot;,&quot;overlay_background&quot;:&quot;yes&quot;,&quot;content_hover_animation&quot;:&quot;fade-in&quot;,&quot;_ob_widget_stalker_use&quot;:&quot;no&quot;,&quot;_ob_poopart_use&quot;:&quot;yes&quot;,&quot;_ob_shadough_use&quot;:&quot;no&quot;,&quot;_ob_allow_hoveranimator&quot;:&quot;no&quot;}\" data-widget_type=\"gallery.default\">\n\t\t\t\t\t\t\t<div class=\"elementor-gallery__container\">\n\t\t\t\t\t\t\t<a class=\"e-gallery-item elementor-gallery-item elementor-animated-content\" href=\"https:\/\/dezzy-s.com\/wp-content\/uploads\/2023\/03\/image-1007-683x1024-1.png\" data-elementor-open-lightbox=\"yes\" data-elementor-lightbox-slideshow=\"ee8565a\" data-elementor-lightbox-title=\"image-1007-683x1024\" data-e-action-hash=\"#elementor-action%3Aaction%3Dlightbox%26settings%3DeyJpZCI6MjkwNywidXJsIjoiaHR0cHM6XC9cL2Rlenp5LXMuY29tXC93cC1jb250ZW50XC91cGxvYWRzXC8yMDIzXC8wM1wvaW1hZ2UtMTAwNy02ODN4MTAyNC0xLnBuZyIsInNsaWRlc2hvdyI6ImVlODU2NWEifQ%3D%3D\">\n\t\t\t\t\t<div class=\"e-gallery-image elementor-gallery-item__image\" data-thumbnail=\"https:\/\/dezzy-s.com\/wp-content\/uploads\/2023\/03\/image-1007-683x1024-1.png\" data-width=\"683\" data-height=\"1024\" aria-label=\"\" role=\"img\" ><\/div>\n\t\t\t\t\t\t\t\t\t\t\t<div class=\"elementor-gallery-item__overlay\"><\/div>\n\t\t\t\t\t\t\t\t\t\t\t\t\t\t<\/a>\n\t\t\t\t\t\t\t<a class=\"e-gallery-item elementor-gallery-item elementor-animated-content\" href=\"https:\/\/dezzy-s.com\/wp-content\/uploads\/2023\/03\/427894ac-91f9-4218-8be4-4348fb49f512.jpg\" data-elementor-open-lightbox=\"yes\" data-elementor-lightbox-slideshow=\"ee8565a\" data-elementor-lightbox-title=\"427894ac-91f9-4218-8be4-4348fb49f512\" data-e-action-hash=\"#elementor-action%3Aaction%3Dlightbox%26settings%3DeyJpZCI6MjkwOCwidXJsIjoiaHR0cHM6XC9cL2Rlenp5LXMuY29tXC93cC1jb250ZW50XC91cGxvYWRzXC8yMDIzXC8wM1wvNDI3ODk0YWMtOTFmOS00MjE4LThiZTQtNDM0OGZiNDlmNTEyLmpwZyIsInNsaWRlc2hvdyI6ImVlODU2NWEifQ%3D%3D\">\n\t\t\t\t\t<div class=\"e-gallery-image elementor-gallery-item__image\" data-thumbnail=\"https:\/\/dezzy-s.com\/wp-content\/uploads\/2023\/03\/427894ac-91f9-4218-8be4-4348fb49f512.jpg\" data-width=\"800\" data-height=\"787\" aria-label=\"\" role=\"img\" ><\/div>\n\t\t\t\t\t\t\t\t\t\t\t<div class=\"elementor-gallery-item__overlay\"><\/div>\n\t\t\t\t\t\t\t\t\t\t\t\t\t\t<\/a>\n\t\t\t\t\t\t\t<a class=\"e-gallery-item elementor-gallery-item elementor-animated-content\" href=\"https:\/\/dezzy-s.com\/wp-content\/uploads\/2023\/03\/c7561c59-ed5b-4198-bbed-f764edd62a60.jpg\" data-elementor-open-lightbox=\"yes\" data-elementor-lightbox-slideshow=\"ee8565a\" data-elementor-lightbox-title=\"c7561c59-ed5b-4198-bbed-f764edd62a60\" data-e-action-hash=\"#elementor-action%3Aaction%3Dlightbox%26settings%3DeyJpZCI6MjkwOSwidXJsIjoiaHR0cHM6XC9cL2Rlenp5LXMuY29tXC93cC1jb250ZW50XC91cGxvYWRzXC8yMDIzXC8wM1wvYzc1NjFjNTktZWQ1Yi00MTk4LWJiZWQtZjc2NGVkZDYyYTYwLmpwZyIsInNsaWRlc2hvdyI6ImVlODU2NWEifQ%3D%3D\">\n\t\t\t\t\t<div class=\"e-gallery-image elementor-gallery-item__image\" data-thumbnail=\"https:\/\/dezzy-s.com\/wp-content\/uploads\/2023\/03\/c7561c59-ed5b-4198-bbed-f764edd62a60.jpg\" data-width=\"799\" data-height=\"790\" aria-label=\"\" role=\"img\" ><\/div>\n\t\t\t\t\t\t\t\t\t\t\t<div class=\"elementor-gallery-item__overlay\"><\/div>\n\t\t\t\t\t\t\t\t\t\t\t\t\t\t<\/a>\n\t\t\t\t\t\t\t<a class=\"e-gallery-item elementor-gallery-item elementor-animated-content\" href=\"https:\/\/dezzy-s.com\/wp-content\/uploads\/2023\/03\/image-1451-1024x442-1.png\" data-elementor-open-lightbox=\"yes\" data-elementor-lightbox-slideshow=\"ee8565a\" data-elementor-lightbox-title=\"image-1451-1024x442\" data-e-action-hash=\"#elementor-action%3Aaction%3Dlightbox%26settings%3DeyJpZCI6MjkxMCwidXJsIjoiaHR0cHM6XC9cL2Rlenp5LXMuY29tXC93cC1jb250ZW50XC91cGxvYWRzXC8yMDIzXC8wM1wvaW1hZ2UtMTQ1MS0xMDI0eDQ0Mi0xLnBuZyIsInNsaWRlc2hvdyI6ImVlODU2NWEifQ%3D%3D\">\n\t\t\t\t\t<div class=\"e-gallery-image elementor-gallery-item__image\" data-thumbnail=\"https:\/\/dezzy-s.com\/wp-content\/uploads\/2023\/03\/image-1451-1024x442-1.png\" data-width=\"1024\" data-height=\"442\" aria-label=\"\" role=\"img\" ><\/div>\n\t\t\t\t\t\t\t\t\t\t\t<div class=\"elementor-gallery-item__overlay\"><\/div>\n\t\t\t\t\t\t\t\t\t\t\t\t\t\t<\/a>\n\t\t\t\t\t\t\t<a class=\"e-gallery-item elementor-gallery-item elementor-animated-content\" href=\"https:\/\/dezzy-s.com\/wp-content\/uploads\/2023\/03\/8e167602-eef0-436b-894e-cb9bb64762f8.jpg\" data-elementor-open-lightbox=\"yes\" data-elementor-lightbox-slideshow=\"ee8565a\" data-elementor-lightbox-title=\"8e167602-eef0-436b-894e-cb9bb64762f8\" data-e-action-hash=\"#elementor-action%3Aaction%3Dlightbox%26settings%3DeyJpZCI6MjkxMSwidXJsIjoiaHR0cHM6XC9cL2Rlenp5LXMuY29tXC93cC1jb250ZW50XC91cGxvYWRzXC8yMDIzXC8wM1wvOGUxNjc2MDItZWVmMC00MzZiLTg5NGUtY2I5YmI2NDc2MmY4LmpwZyIsInNsaWRlc2hvdyI6ImVlODU2NWEifQ%3D%3D\">\n\t\t\t\t\t<div class=\"e-gallery-image elementor-gallery-item__image\" data-thumbnail=\"https:\/\/dezzy-s.com\/wp-content\/uploads\/2023\/03\/8e167602-eef0-436b-894e-cb9bb64762f8.jpg\" data-width=\"800\" data-height=\"795\" aria-label=\"\" role=\"img\" ><\/div>\n\t\t\t\t\t\t\t\t\t\t\t<div class=\"elementor-gallery-item__overlay\"><\/div>\n\t\t\t\t\t\t\t\t\t\t\t\t\t\t<\/a>\n\t\t\t\t\t\t\t<a class=\"e-gallery-item elementor-gallery-item elementor-animated-content\" href=\"https:\/\/dezzy-s.com\/wp-content\/uploads\/2023\/03\/8af8b913-cf4a-4155-b592-fd12e9a96153.jpg\" data-elementor-open-lightbox=\"yes\" data-elementor-lightbox-slideshow=\"ee8565a\" data-elementor-lightbox-title=\"8af8b913-cf4a-4155-b592-fd12e9a96153\" data-e-action-hash=\"#elementor-action%3Aaction%3Dlightbox%26settings%3DeyJpZCI6MjkxMiwidXJsIjoiaHR0cHM6XC9cL2Rlenp5LXMuY29tXC93cC1jb250ZW50XC91cGxvYWRzXC8yMDIzXC8wM1wvOGFmOGI5MTMtY2Y0YS00MTU1LWI1OTItZmQxMmU5YTk2MTUzLmpwZyIsInNsaWRlc2hvdyI6ImVlODU2NWEifQ%3D%3D\">\n\t\t\t\t\t<div class=\"e-gallery-image elementor-gallery-item__image\" data-thumbnail=\"https:\/\/dezzy-s.com\/wp-content\/uploads\/2023\/03\/8af8b913-cf4a-4155-b592-fd12e9a96153.jpg\" data-width=\"799\" data-height=\"783\" aria-label=\"\" role=\"img\" ><\/div>\n\t\t\t\t\t\t\t\t\t\t\t<div class=\"elementor-gallery-item__overlay\"><\/div>\n\t\t\t\t\t\t\t\t\t\t\t\t\t\t<\/a>\n\t\t\t\t\t<\/div>\n\t\t\t\t\t<\/div>\n\t\t\t\t\t<\/div>\n\t\t<\/div>\n\t\t\t\t<div class=\"elementor-column elementor-col-50 elementor-top-column elementor-element elementor-element-7a0c476 elementor-hidden-mobile\" data-id=\"7a0c476\" data-element_type=\"column\" data-e-type=\"column\" data-settings=\"{&quot;_ob_column_hoveranimator&quot;:&quot;no&quot;,&quot;_ob_column_has_pseudo&quot;:&quot;no&quot;}\">\n\t\t\t<div class=\"elementor-widget-wrap elementor-element-populated\">\n\t\t\t\t\t\t<div class=\"elementor-element elementor-element-1739350 elementor-widget__width-initial ob-has-background-overlay elementor-widget elementor-widget-image\" data-id=\"1739350\" data-element_type=\"widget\" data-e-type=\"widget\" data-settings=\"{&quot;_ob_photomorph_use&quot;:&quot;no&quot;,&quot;_ob_widget_stalker_use&quot;:&quot;no&quot;,&quot;_ob_poopart_use&quot;:&quot;yes&quot;,&quot;_ob_shadough_use&quot;:&quot;no&quot;,&quot;_ob_allow_hoveranimator&quot;:&quot;no&quot;}\" data-widget_type=\"image.default\">\n\t\t\t\t\t\t\t\t\t\t\t\t\t\t\t<img fetchpriority=\"high\" decoding=\"async\" width=\"683\" height=\"1024\" src=\"https:\/\/dezzy-s.com\/wp-content\/uploads\/2023\/03\/dezzy-gebruiks-1-683x1024.jpg\" class=\"attachment-large size-large wp-image-2925\" alt=\"\" srcset=\"https:\/\/dezzy-s.com\/wp-content\/uploads\/2023\/03\/dezzy-gebruiks-1-683x1024.jpg 683w, https:\/\/dezzy-s.com\/wp-content\/uploads\/2023\/03\/dezzy-gebruiks-1-200x300.jpg 200w, https:\/\/dezzy-s.com\/wp-content\/uploads\/2023\/03\/dezzy-gebruiks-1-768x1152.jpg 768w, https:\/\/dezzy-s.com\/wp-content\/uploads\/2023\/03\/dezzy-gebruiks-1-8x12.jpg 8w, https:\/\/dezzy-s.com\/wp-content\/uploads\/2023\/03\/dezzy-gebruiks-1-600x900.jpg 600w, https:\/\/dezzy-s.com\/wp-content\/uploads\/2023\/03\/dezzy-gebruiks-1.jpg 973w\" sizes=\"(max-width: 683px) 100vw, 683px\" \/>\t\t\t\t\t\t\t\t\t\t\t\t\t\t\t<\/div>\n\t\t\t\t\t<\/div>\n\t\t<\/div>\n\t\t\t\t\t<\/div>\n\t\t<\/section>\n\t\t\t\t<\/div>","protected":false},"excerpt":{"rendered":"<p>Kleurlenzen gebruiksaanwijzing We raden u ten zeerste aan om alle aanwijzingen van uw oogarts op te volgen, naast alle instructies die in dit document worden beschreven en de instructies op het etiket van uw lensverzorgingsproduct.Lees voor uw optimale veiligheid de volgende instructies voor het dragen van contactlenzen en volg deze zorgvuldig op: Modaliteiten Deze gekleurde [&hellip;]<\/p>","protected":false},"author":1,"featured_media":0,"parent":0,"menu_order":0,"comment_status":"closed","ping_status":"closed","template":"","meta":{"_eb_attr":"","site-sidebar-layout":"no-sidebar","site-content-layout":"page-builder","ast-site-content-layout":"default","site-content-style":"default","site-sidebar-style":"default","ast-global-header-display":"","ast-banner-title-visibility":"","ast-main-header-display":"","ast-hfb-above-header-display":"","ast-hfb-below-header-display":"","ast-hfb-mobile-header-display":"","site-post-title":"disabled","ast-breadcrumbs-content":"","ast-featured-img":"disabled","footer-sml-layout":"","ast-disable-related-posts":"","theme-transparent-header-meta":"","adv-header-id-meta":"","stick-header-meta":"","header-above-stick-meta":"","header-main-stick-meta":"","header-below-stick-meta":"","astra-migrate-meta-layouts":"default","ast-page-background-enabled":"default","ast-page-background-meta":{"desktop":{"background-color":"var(--ast-global-color-4)","background-image":"","background-repeat":"repeat","background-position":"center center","background-size":"auto","background-attachment":"scroll","background-type":"","background-media":"","overlay-type":"","overlay-color":"","overlay-opacity":"","overlay-gradient":""},"tablet":{"background-color":"","background-image":"","background-repeat":"repeat","background-position":"center center","background-size":"auto","background-attachment":"scroll","background-type":"","background-media":"","overlay-type":"","overlay-color":"","overlay-opacity":"","overlay-gradient":""},"mobile":{"background-color":"","background-image":"","background-repeat":"repeat","background-position":"center center","background-size":"auto","background-attachment":"scroll","background-type":"","background-media":"","overlay-type":"","overlay-color":"","overlay-opacity":"","overlay-gradient":""}},"ast-content-background-meta":{"desktop":{"background-color":"var(--ast-global-color-5)","background-image":"","background-repeat":"repeat","background-position":"center center","background-size":"auto","background-attachment":"scroll","background-type":"","background-media":"","overlay-type":"","overlay-color":"","overlay-opacity":"","overlay-gradient":""},"tablet":{"background-color":"var(--ast-global-color-5)","background-image":"","background-repeat":"repeat","background-position":"center center","background-size":"auto","background-attachment":"scroll","background-type":"","background-media":"","overlay-type":"","overlay-color":"","overlay-opacity":"","overlay-gradient":""},"mobile":{"background-color":"var(--ast-global-color-5)","background-image":"","background-repeat":"repeat","background-position":"center center","background-size":"auto","background-attachment":"scroll","background-type":"","background-media":"","overlay-type":"","overlay-color":"","overlay-opacity":"","overlay-gradient":""}},"footnotes":""},"class_list":["post-2904","page","type-page","status-publish","hentry"],"_links":{"self":[{"href":"https:\/\/dezzy-s.com\/de\/wp-json\/wp\/v2\/pages\/2904","targetHints":{"allow":["GET"]}}],"collection":[{"href":"https:\/\/dezzy-s.com\/de\/wp-json\/wp\/v2\/pages"}],"about":[{"href":"https:\/\/dezzy-s.com\/de\/wp-json\/wp\/v2\/types\/page"}],"author":[{"embeddable":true,"href":"https:\/\/dezzy-s.com\/de\/wp-json\/wp\/v2\/users\/1"}],"replies":[{"embeddable":true,"href":"https:\/\/dezzy-s.com\/de\/wp-json\/wp\/v2\/comments?post=2904"}],"version-history":[{"count":19,"href":"https:\/\/dezzy-s.com\/de\/wp-json\/wp\/v2\/pages\/2904\/revisions"}],"predecessor-version":[{"id":2960,"href":"https:\/\/dezzy-s.com\/de\/wp-json\/wp\/v2\/pages\/2904\/revisions\/2960"}],"wp:attachment":[{"href":"https:\/\/dezzy-s.com\/de\/wp-json\/wp\/v2\/media?parent=2904"}],"curies":[{"name":"wp","href":"https:\/\/api.w.org\/{rel}","templated":true}]}}