{"id":2451,"date":"2023-03-14T10:37:30","date_gmt":"2023-03-14T10:37:30","guid":{"rendered":"https:\/\/flexx-dev1.nl\/?post_type=product&#038;p=2451"},"modified":"2025-02-11T11:22:37","modified_gmt":"2025-02-11T11:22:37","slug":"brillenkoker-lenzendoosje-black","status":"publish","type":"product","link":"https:\/\/dezzy-s.com\/de\/produkt\/brillenkoker-lenzendoosje-black\/","title":{"rendered":"Brillenkoker | Lenzendoosje <br><span>Black<\/span>"},"content":{"rendered":"<p>Dieser einzigartige Objektivkoffer ist ideal f\u00fcr unterwegs! Der Reisekoffer spart sofort Platz in Ihrer Tasche, da Sie mehrere Dinge gleichzeitig darin verstauen k\u00f6nnen. Ist das nicht auch ein unglaublich originelles Geschenk?<\/p>\n<p><strong>Hinweis:<\/strong>\u00a0Unser Kontaktlinsen-Reiseetui hat zwei Seiten, die verwendet werden k\u00f6nnen. Eine Seite zum Aufbewahren Ihrer Brille, die andere Seite f\u00fcr Objektive und Zubeh\u00f6r. Der Objektivbeh\u00e4lter enth\u00e4lt hochwertige Scharniere. So l\u00e4sst sich das Case immer wieder \u00f6ffnen, ohne dass es kaputt geht.<\/p>","protected":false},"excerpt":{"rendered":"<p>Dit unieke lenzendoosje is ideaal voor onderweg! De travel case bespaart direct ruimte in je tas omdat je gelijk meerdere dingen erin kan opbergen. Daarbij is dit toch ook een waanzinnig origineel cadeau om te geven? Let op:\u00a0Onze contactlens travel case heeft twee kanten die gebruikt kunnen worden. E\u00e8n om je bril in op te [&hellip;]<\/p>","protected":false},"featured_media":2452,"template":"","meta":{"_eb_attr":"","site-sidebar-layout":"default","site-content-layout":"default","ast-site-content-layout":"default","site-content-style":"default","site-sidebar-style":"default","ast-global-header-display":"","ast-banner-title-visibility":"","ast-main-header-display":"","ast-hfb-above-header-display":"","ast-hfb-below-header-display":"","ast-hfb-mobile-header-display":"","site-post-title":"","ast-breadcrumbs-content":"","ast-featured-img":"","footer-sml-layout":"","ast-disable-related-posts":"","theme-transparent-header-meta":"default","adv-header-id-meta":"","stick-header-meta":"","header-above-stick-meta":"","header-main-stick-meta":"","header-below-stick-meta":"","astra-migrate-meta-layouts":"set","ast-page-background-enabled":"default","ast-page-background-meta":{"desktop":{"background-color":"var(--ast-global-color-4)","background-image":"","background-repeat":"repeat","background-position":"center center","background-size":"auto","background-attachment":"scroll","background-type":"","background-media":"","overlay-type":"","overlay-color":"","overlay-opacity":"","overlay-gradient":""},"tablet":{"background-color":"","background-image":"","background-repeat":"repeat","background-position":"center center","background-size":"auto","background-attachment":"scroll","background-type":"","background-media":"","overlay-type":"","overlay-color":"","overlay-opacity":"","overlay-gradient":""},"mobile":{"background-color":"","background-image":"","background-repeat":"repeat","background-position":"center center","background-size":"auto","background-attachment":"scroll","background-type":"","background-media":"","overlay-type":"","overlay-color":"","overlay-opacity":"","overlay-gradient":""}},"ast-content-background-meta":{"desktop":{"background-color":"var(--ast-global-color-5)","background-image":"","background-repeat":"repeat","background-position":"center center","background-size":"auto","background-attachment":"scroll","background-type":"","background-media":"","overlay-type":"","overlay-color":"","overlay-opacity":"","overlay-gradient":""},"tablet":{"background-color":"var(--ast-global-color-5)","background-image":"","background-repeat":"repeat","background-position":"center center","background-size":"auto","background-attachment":"scroll","background-type":"","background-media":"","overlay-type":"","overlay-color":"","overlay-opacity":"","overlay-gradient":""},"mobile":{"background-color":"var(--ast-global-color-5)","background-image":"","background-repeat":"repeat","background-position":"center center","background-size":"auto","background-attachment":"scroll","background-type":"","background-media":"","overlay-type":"","overlay-color":"","overlay-opacity":"","overlay-gradient":""}}},"product_brand":[],"product_cat":[67],"product_tag":[],"class_list":{"0":"post-2451","1":"product","2":"type-product","3":"status-publish","4":"has-post-thumbnail","6":"product_cat-accessoires","7":"desktop-align-left","8":"tablet-align-left","9":"mobile-align-left","11":"first","12":"instock","13":"taxable","14":"shipping-taxable","15":"purchasable","16":"product-type-simple"},"_links":{"self":[{"href":"https:\/\/dezzy-s.com\/de\/wp-json\/wp\/v2\/product\/2451","targetHints":{"allow":["GET"]}}],"collection":[{"href":"https:\/\/dezzy-s.com\/de\/wp-json\/wp\/v2\/product"}],"about":[{"href":"https:\/\/dezzy-s.com\/de\/wp-json\/wp\/v2\/types\/product"}],"wp:featuredmedia":[{"embeddable":true,"href":"https:\/\/dezzy-s.com\/de\/wp-json\/wp\/v2\/media\/2452"}],"wp:attachment":[{"href":"https:\/\/dezzy-s.com\/de\/wp-json\/wp\/v2\/media?parent=2451"}],"wp:term":[{"taxonomy":"product_brand","embeddable":true,"href":"https:\/\/dezzy-s.com\/de\/wp-json\/wp\/v2\/product_brand?post=2451"},{"taxonomy":"product_cat","embeddable":true,"href":"https:\/\/dezzy-s.com\/de\/wp-json\/wp\/v2\/product_cat?post=2451"},{"taxonomy":"product_tag","embeddable":true,"href":"https:\/\/dezzy-s.com\/de\/wp-json\/wp\/v2\/product_tag?post=2451"}],"curies":[{"name":"wp","href":"https:\/\/api.w.org\/{rel}","templated":true}]}}