{"id":2460,"date":"2023-03-14T11:20:08","date_gmt":"2023-03-14T11:20:08","guid":{"rendered":"https:\/\/flexx-dev1.nl\/?post_type=product&#038;p=2460"},"modified":"2026-04-30T10:59:09","modified_gmt":"2026-04-30T10:59:09","slug":"magnet-crush-pink","status":"publish","type":"product","link":"https:\/\/dezzy-s.com\/de\/produkt\/magnet-crush-pink\/","title":{"rendered":"Magnet crush <br><span>Pink<\/span>"},"content":{"rendered":"<p>Dieser fantastische magnetische Objektivbeh\u00e4lter ist ideal f\u00fcr unterwegs! Sind Sie die langweiligen Objektivbeh\u00e4lter leid? Dann suchen Sie nicht weiter! Der Magnet Crush ist praktisch und schick zugleich. Drei Farben verf\u00fcgbar.<\/p>\n<p><strong>Inhalt<\/strong>: Kontaktlinsenbeh\u00e4lter, Spiegel, Pinzette, Applikator und ausklappbare Aufbewahrungsbox.<\/p>","protected":false},"excerpt":{"rendered":"<p>Dit fantastische magneet lenzen doosje is ideaal voor op reis! Ben jij die saaie lenzen bakjes ook zo zat? Zoek dan niet verder! De Magnet crush is praktisch en chique tegelijkertijd. Drie kleuren verkrijgbaar. Inhoud: contactlens bakjes, spiegel, pincet, applicator en uitklapbare opbergbakje.<\/p>","protected":false},"featured_media":2464,"template":"","meta":{"_eb_attr":"","site-sidebar-layout":"default","site-content-layout":"default","ast-site-content-layout":"default","site-content-style":"default","site-sidebar-style":"default","ast-global-header-display":"","ast-banner-title-visibility":"","ast-main-header-display":"","ast-hfb-above-header-display":"","ast-hfb-below-header-display":"","ast-hfb-mobile-header-display":"","site-post-title":"","ast-breadcrumbs-content":"","ast-featured-img":"","footer-sml-layout":"","ast-disable-related-posts":"","theme-transparent-header-meta":"default","adv-header-id-meta":"","stick-header-meta":"","header-above-stick-meta":"","header-main-stick-meta":"","header-below-stick-meta":"","astra-migrate-meta-layouts":"set","ast-page-background-enabled":"default","ast-page-background-meta":{"desktop":{"background-color":"var(--ast-global-color-4)","background-image":"","background-repeat":"repeat","background-position":"center center","background-size":"auto","background-attachment":"scroll","background-type":"","background-media":"","overlay-type":"","overlay-color":"","overlay-opacity":"","overlay-gradient":""},"tablet":{"background-color":"","background-image":"","background-repeat":"repeat","background-position":"center center","background-size":"auto","background-attachment":"scroll","background-type":"","background-media":"","overlay-type":"","overlay-color":"","overlay-opacity":"","overlay-gradient":""},"mobile":{"background-color":"","background-image":"","background-repeat":"repeat","background-position":"center center","background-size":"auto","background-attachment":"scroll","background-type":"","background-media":"","overlay-type":"","overlay-color":"","overlay-opacity":"","overlay-gradient":""}},"ast-content-background-meta":{"desktop":{"background-color":"var(--ast-global-color-5)","background-image":"","background-repeat":"repeat","background-position":"center center","background-size":"auto","background-attachment":"scroll","background-type":"","background-media":"","overlay-type":"","overlay-color":"","overlay-opacity":"","overlay-gradient":""},"tablet":{"background-color":"var(--ast-global-color-5)","background-image":"","background-repeat":"repeat","background-position":"center center","background-size":"auto","background-attachment":"scroll","background-type":"","background-media":"","overlay-type":"","overlay-color":"","overlay-opacity":"","overlay-gradient":""},"mobile":{"background-color":"var(--ast-global-color-5)","background-image":"","background-repeat":"repeat","background-position":"center center","background-size":"auto","background-attachment":"scroll","background-type":"","background-media":"","overlay-type":"","overlay-color":"","overlay-opacity":"","overlay-gradient":""}}},"product_brand":[],"product_cat":[67],"product_tag":[],"class_list":{"0":"post-2460","1":"product","2":"type-product","3":"status-publish","4":"has-post-thumbnail","6":"product_cat-accessoires","7":"desktop-align-left","8":"tablet-align-left","9":"mobile-align-left","11":"first","12":"outofstock","13":"taxable","14":"shipping-taxable","15":"purchasable","16":"product-type-simple"},"_links":{"self":[{"href":"https:\/\/dezzy-s.com\/de\/wp-json\/wp\/v2\/product\/2460","targetHints":{"allow":["GET"]}}],"collection":[{"href":"https:\/\/dezzy-s.com\/de\/wp-json\/wp\/v2\/product"}],"about":[{"href":"https:\/\/dezzy-s.com\/de\/wp-json\/wp\/v2\/types\/product"}],"wp:featuredmedia":[{"embeddable":true,"href":"https:\/\/dezzy-s.com\/de\/wp-json\/wp\/v2\/media\/2464"}],"wp:attachment":[{"href":"https:\/\/dezzy-s.com\/de\/wp-json\/wp\/v2\/media?parent=2460"}],"wp:term":[{"taxonomy":"product_brand","embeddable":true,"href":"https:\/\/dezzy-s.com\/de\/wp-json\/wp\/v2\/product_brand?post=2460"},{"taxonomy":"product_cat","embeddable":true,"href":"https:\/\/dezzy-s.com\/de\/wp-json\/wp\/v2\/product_cat?post=2460"},{"taxonomy":"product_tag","embeddable":true,"href":"https:\/\/dezzy-s.com\/de\/wp-json\/wp\/v2\/product_tag?post=2460"}],"curies":[{"name":"wp","href":"https:\/\/api.w.org\/{rel}","templated":true}]}}