{"id":2057,"date":"2023-03-09T15:39:33","date_gmt":"2023-03-09T15:39:33","guid":{"rendered":"https:\/\/flexx-dev1.nl\/?page_id=2057"},"modified":"2023-03-15T09:18:21","modified_gmt":"2023-03-15T09:18:21","slug":"about-dezzy","status":"publish","type":"page","link":"https:\/\/dezzy-s.com\/fr\/about-dezzy\/","title":{"rendered":"\u00c0 propos de Dezzy"},"content":{"rendered":"<div data-elementor-type=\"wp-page\" data-elementor-id=\"2057\" class=\"elementor elementor-2057\" data-elementor-post-type=\"page\">\n\t\t\t\t\t\t<section class=\"elementor-section elementor-top-section elementor-element elementor-element-82e2a91 elementor-section-boxed elementor-section-height-default elementor-section-height-default\" data-id=\"82e2a91\" data-element_type=\"section\" data-e-type=\"section\" data-settings=\"{&quot;_ob_glider_is_slider&quot;:&quot;no&quot;}\">\n\t\t\t\t\t\t<div class=\"elementor-container elementor-column-gap-default\">\n\t\t\t\t\t<div class=\"elementor-column elementor-col-50 elementor-top-column elementor-element elementor-element-ab3981e\" data-id=\"ab3981e\" data-element_type=\"column\" data-e-type=\"column\" data-settings=\"{&quot;_ob_column_hoveranimator&quot;:&quot;no&quot;,&quot;_ob_column_has_pseudo&quot;:&quot;no&quot;}\">\n\t\t\t<div class=\"elementor-widget-wrap elementor-element-populated\">\n\t\t\t\t\t\t<div class=\"elementor-element elementor-element-d007a53 ob-harakiri-inherit ob-has-background-overlay elementor-widget elementor-widget-heading\" data-id=\"d007a53\" data-element_type=\"widget\" data-e-type=\"widget\" data-settings=\"{&quot;_ob_use_harakiri&quot;:&quot;yes&quot;,&quot;_ob_harakiri_writing_mode&quot;:&quot;inherit&quot;,&quot;_ob_harakiri_text_clip&quot;:&quot;none&quot;,&quot;_ob_widget_stalker_use&quot;:&quot;no&quot;,&quot;_ob_poopart_use&quot;:&quot;yes&quot;,&quot;_ob_shadough_use&quot;:&quot;no&quot;,&quot;_ob_allow_hoveranimator&quot;:&quot;no&quot;}\" data-widget_type=\"heading.default\">\n\t\t\t\t\t<h2 class=\"elementor-heading-title elementor-size-default\">\u00c0 propos de Dezzy<\/h2>\t\t\t\t<\/div>\n\t\t\t\t<div class=\"elementor-element elementor-element-4b74f15 ob-harakiri-inherit ob-has-background-overlay elementor-widget elementor-widget-text-editor\" data-id=\"4b74f15\" data-element_type=\"widget\" data-e-type=\"widget\" data-settings=\"{&quot;_ob_use_harakiri&quot;:&quot;yes&quot;,&quot;_ob_harakiri_writing_mode&quot;:&quot;inherit&quot;,&quot;_ob_postman_use&quot;:&quot;no&quot;,&quot;_ob_widget_stalker_use&quot;:&quot;no&quot;,&quot;_ob_poopart_use&quot;:&quot;yes&quot;,&quot;_ob_shadough_use&quot;:&quot;no&quot;,&quot;_ob_allow_hoveranimator&quot;:&quot;no&quot;}\" data-widget_type=\"text-editor.default\">\n\t\t\t\t\t\t\t\t\t<p>Mon histoire a commenc\u00e9 en 2020. J'ai lanc\u00e9 THE DEZZY FACTORY avec beaucoup de passion pour la mode. Rendre les jeunes femmes heureuses avec des articles de mode abordables qui respirent le luxe.<\/p><p>Apr\u00e8s un an, j'ai remarqu\u00e9 que les lentilles de contact color\u00e9es pouvaient donner beaucoup de confiance et donner un coup de pouce suppl\u00e9mentaire \u00e0 votre tenue et les yeux ont commenc\u00e9 \u00e0 briller ! Quel nom met-on dessus ? Dans mes ann\u00e9es plus jeunes et confiantes, on m'appelait souvent Dezzy par un surnom.\u00a0<\/p><p>J'aimerais transmettre cette confiance en moi aux autres femmes de mon entourage. C\u2019est \u00e0 ce moment-l\u00e0 que ma propre gamme de lentilles color\u00e9es a commenc\u00e9 ! Apr\u00e8s y avoir consacr\u00e9 beaucoup de temps et de passion, THE DEZZY FACTORY s'est \u00e9norm\u00e9ment agrandie. Les objectifs de Dezzy sont visibles dans les principaux m\u00e9dias, tels que divers influenceurs, RTL4 et Videoland.<\/p><p>Je suis tr\u00e8s fi\u00e8re de voir \u00e0 quel point les femmes brillent avec leurs lentilles color\u00e9es et leur confiance en elles. Cette \u00e9tincelle dans les yeux de chacun est ce que je recherche.<\/p><p>Amour,<\/p><h3><span style=\"color: #000000;\"><b><img decoding=\"async\" class=\"alignnone wp-image-2582\" src=\"https:\/\/dezzy-s.com\/wp-content\/uploads\/2023\/03\/Instagram-post-1080x1080-px-18-300x300.jpeg\" alt=\"\" width=\"97\" height=\"97\" \/><\/b><\/span><\/h3>\t\t\t\t\t\t\t\t<\/div>\n\t\t\t\t\t<\/div>\n\t\t<\/div>\n\t\t\t\t<div class=\"elementor-column elementor-col-50 elementor-top-column elementor-element elementor-element-d76385f\" data-id=\"d76385f\" data-element_type=\"column\" data-e-type=\"column\" data-settings=\"{&quot;_ob_column_hoveranimator&quot;:&quot;no&quot;,&quot;_ob_column_has_pseudo&quot;:&quot;no&quot;}\">\n\t\t\t<div class=\"elementor-widget-wrap elementor-element-populated\">\n\t\t\t\t\t\t<div class=\"elementor-element elementor-element-4ce93aa ob-has-background-overlay elementor-widget elementor-widget-image\" data-id=\"4ce93aa\" data-element_type=\"widget\" data-e-type=\"widget\" data-settings=\"{&quot;_ob_photomorph_use&quot;:&quot;no&quot;,&quot;_ob_widget_stalker_use&quot;:&quot;no&quot;,&quot;_ob_poopart_use&quot;:&quot;yes&quot;,&quot;_ob_shadough_use&quot;:&quot;no&quot;,&quot;_ob_allow_hoveranimator&quot;:&quot;no&quot;}\" data-widget_type=\"image.default\">\n\t\t\t\t\t\t\t\t\t\t\t\t\t\t\t<img fetchpriority=\"high\" decoding=\"async\" width=\"1093\" height=\"1668\" src=\"https:\/\/dezzy-s.com\/wp-content\/uploads\/2023\/03\/Facetune_01-03-2023-12-50-42.jpg\" class=\"attachment-full size-full wp-image-2578\" alt=\"\" srcset=\"https:\/\/dezzy-s.com\/wp-content\/uploads\/2023\/03\/Facetune_01-03-2023-12-50-42.jpg 1093w, https:\/\/dezzy-s.com\/wp-content\/uploads\/2023\/03\/Facetune_01-03-2023-12-50-42-197x300.jpg 197w, https:\/\/dezzy-s.com\/wp-content\/uploads\/2023\/03\/Facetune_01-03-2023-12-50-42-671x1024.jpg 671w, https:\/\/dezzy-s.com\/wp-content\/uploads\/2023\/03\/Facetune_01-03-2023-12-50-42-768x1172.jpg 768w, https:\/\/dezzy-s.com\/wp-content\/uploads\/2023\/03\/Facetune_01-03-2023-12-50-42-1007x1536.jpg 1007w, https:\/\/dezzy-s.com\/wp-content\/uploads\/2023\/03\/Facetune_01-03-2023-12-50-42-8x12.jpg 8w, https:\/\/dezzy-s.com\/wp-content\/uploads\/2023\/03\/Facetune_01-03-2023-12-50-42-600x916.jpg 600w\" sizes=\"(max-width: 1093px) 100vw, 1093px\" \/>\t\t\t\t\t\t\t\t\t\t\t\t\t\t\t<\/div>\n\t\t\t\t\t<\/div>\n\t\t<\/div>\n\t\t\t\t\t<\/div>\n\t\t<\/section>\n\t\t\t\t<\/div>","protected":false},"excerpt":{"rendered":"<p>About dezzy My story started in 2020. I started THE DEZZY FACTORY with a lot of passion for fashion. Making young women happy with affordable fashion items that exuded luxury. After a year I noticed that colored contact lenses could give a lot of confidence and give that extra boost to your outfit and eyes [&hellip;]<\/p>","protected":false},"author":1,"featured_media":0,"parent":0,"menu_order":0,"comment_status":"closed","ping_status":"closed","template":"","meta":{"_eb_attr":"","site-sidebar-layout":"no-sidebar","site-content-layout":"page-builder","ast-site-content-layout":"default","site-content-style":"default","site-sidebar-style":"default","ast-global-header-display":"","ast-banner-title-visibility":"","ast-main-header-display":"","ast-hfb-above-header-display":"","ast-hfb-below-header-display":"","ast-hfb-mobile-header-display":"","site-post-title":"disabled","ast-breadcrumbs-content":"","ast-featured-img":"disabled","footer-sml-layout":"","ast-disable-related-posts":"","theme-transparent-header-meta":"","adv-header-id-meta":"","stick-header-meta":"","header-above-stick-meta":"","header-main-stick-meta":"","header-below-stick-meta":"","astra-migrate-meta-layouts":"default","ast-page-background-enabled":"default","ast-page-background-meta":{"desktop":{"background-color":"var(--ast-global-color-4)","background-image":"","background-repeat":"repeat","background-position":"center center","background-size":"auto","background-attachment":"scroll","background-type":"","background-media":"","overlay-type":"","overlay-color":"","overlay-opacity":"","overlay-gradient":""},"tablet":{"background-color":"","background-image":"","background-repeat":"repeat","background-position":"center center","background-size":"auto","background-attachment":"scroll","background-type":"","background-media":"","overlay-type":"","overlay-color":"","overlay-opacity":"","overlay-gradient":""},"mobile":{"background-color":"","background-image":"","background-repeat":"repeat","background-position":"center center","background-size":"auto","background-attachment":"scroll","background-type":"","background-media":"","overlay-type":"","overlay-color":"","overlay-opacity":"","overlay-gradient":""}},"ast-content-background-meta":{"desktop":{"background-color":"var(--ast-global-color-5)","background-image":"","background-repeat":"repeat","background-position":"center center","background-size":"auto","background-attachment":"scroll","background-type":"","background-media":"","overlay-type":"","overlay-color":"","overlay-opacity":"","overlay-gradient":""},"tablet":{"background-color":"var(--ast-global-color-5)","background-image":"","background-repeat":"repeat","background-position":"center center","background-size":"auto","background-attachment":"scroll","background-type":"","background-media":"","overlay-type":"","overlay-color":"","overlay-opacity":"","overlay-gradient":""},"mobile":{"background-color":"var(--ast-global-color-5)","background-image":"","background-repeat":"repeat","background-position":"center center","background-size":"auto","background-attachment":"scroll","background-type":"","background-media":"","overlay-type":"","overlay-color":"","overlay-opacity":"","overlay-gradient":""}},"footnotes":""},"class_list":["post-2057","page","type-page","status-publish","hentry"],"_links":{"self":[{"href":"https:\/\/dezzy-s.com\/fr\/wp-json\/wp\/v2\/pages\/2057","targetHints":{"allow":["GET"]}}],"collection":[{"href":"https:\/\/dezzy-s.com\/fr\/wp-json\/wp\/v2\/pages"}],"about":[{"href":"https:\/\/dezzy-s.com\/fr\/wp-json\/wp\/v2\/types\/page"}],"author":[{"embeddable":true,"href":"https:\/\/dezzy-s.com\/fr\/wp-json\/wp\/v2\/users\/1"}],"replies":[{"embeddable":true,"href":"https:\/\/dezzy-s.com\/fr\/wp-json\/wp\/v2\/comments?post=2057"}],"version-history":[{"count":13,"href":"https:\/\/dezzy-s.com\/fr\/wp-json\/wp\/v2\/pages\/2057\/revisions"}],"predecessor-version":[{"id":2588,"href":"https:\/\/dezzy-s.com\/fr\/wp-json\/wp\/v2\/pages\/2057\/revisions\/2588"}],"wp:attachment":[{"href":"https:\/\/dezzy-s.com\/fr\/wp-json\/wp\/v2\/media?parent=2057"}],"curies":[{"name":"wp","href":"https:\/\/api.w.org\/{rel}","templated":true}]}}