{"id":2904,"date":"2023-03-31T11:43:22","date_gmt":"2023-03-31T11:43:22","guid":{"rendered":"https:\/\/dezzy-s.com\/?page_id=2904"},"modified":"2023-04-03T11:45:03","modified_gmt":"2023-04-03T11:45:03","slug":"kleurlenzen-gebruiksaanwijzing","status":"publish","type":"page","link":"https:\/\/dezzy-s.com\/fr\/kleurlenzen-gebruiksaanwijzing\/","title":{"rendered":"Instructions d'utilisation des lentilles de contact color\u00e9es"},"content":{"rendered":"<div data-elementor-type=\"wp-page\" data-elementor-id=\"2904\" class=\"elementor elementor-2904\" data-elementor-post-type=\"page\">\n\t\t\t\t\t\t<section class=\"elementor-section elementor-top-section elementor-element elementor-element-82e2a91 elementor-section-boxed elementor-section-height-default elementor-section-height-default\" data-id=\"82e2a91\" data-element_type=\"section\" data-e-type=\"section\" data-settings=\"{&quot;_ob_glider_is_slider&quot;:&quot;no&quot;}\">\n\t\t\t\t\t\t<div class=\"elementor-container elementor-column-gap-default\">\n\t\t\t\t\t<div class=\"elementor-column elementor-col-50 elementor-top-column elementor-element elementor-element-ab3981e\" data-id=\"ab3981e\" data-element_type=\"column\" data-e-type=\"column\" data-settings=\"{&quot;_ob_column_hoveranimator&quot;:&quot;no&quot;,&quot;_ob_column_has_pseudo&quot;:&quot;no&quot;}\">\n\t\t\t<div class=\"elementor-widget-wrap elementor-element-populated\">\n\t\t\t\t\t\t<div class=\"elementor-element elementor-element-d007a53 ob-harakiri-inherit ob-has-background-overlay elementor-widget elementor-widget-heading\" data-id=\"d007a53\" data-element_type=\"widget\" data-e-type=\"widget\" data-settings=\"{&quot;_ob_use_harakiri&quot;:&quot;yes&quot;,&quot;_ob_harakiri_writing_mode&quot;:&quot;inherit&quot;,&quot;_ob_harakiri_text_clip&quot;:&quot;none&quot;,&quot;_ob_widget_stalker_use&quot;:&quot;no&quot;,&quot;_ob_poopart_use&quot;:&quot;yes&quot;,&quot;_ob_shadough_use&quot;:&quot;no&quot;,&quot;_ob_allow_hoveranimator&quot;:&quot;no&quot;}\" data-widget_type=\"heading.default\">\n\t\t\t\t\t<h2 class=\"elementor-heading-title elementor-size-default\">Instructions d'utilisation des lentilles de contact color\u00e9es<\/h2>\t\t\t\t<\/div>\n\t\t\t\t<div class=\"elementor-element elementor-element-4b74f15 ob-harakiri-inherit ob-has-background-overlay elementor-widget elementor-widget-text-editor\" data-id=\"4b74f15\" data-element_type=\"widget\" data-e-type=\"widget\" data-settings=\"{&quot;_ob_use_harakiri&quot;:&quot;yes&quot;,&quot;_ob_harakiri_writing_mode&quot;:&quot;inherit&quot;,&quot;_ob_postman_use&quot;:&quot;no&quot;,&quot;_ob_widget_stalker_use&quot;:&quot;no&quot;,&quot;_ob_poopart_use&quot;:&quot;yes&quot;,&quot;_ob_shadough_use&quot;:&quot;no&quot;,&quot;_ob_allow_hoveranimator&quot;:&quot;no&quot;}\" data-widget_type=\"text-editor.default\">\n\t\t\t\t\t\t\t\t\t<p>Nous vous recommandons fortement de suivre toutes les instructions de votre ophtalmologiste, en plus de toutes les instructions d\u00e9crites dans ce document et les instructions figurant sur l'\u00e9tiquette de votre produit d'entretien pour lentilles.<br \/>Pour votre s\u00e9curit\u00e9 optimale, veuillez lire attentivement et suivre les instructions suivantes concernant le port de lentilles de contact :<\/p><p><strong>Modalit\u00e9s<\/strong><\/p><p>Ces lentilles de contact color\u00e9es sont des lentilles annuelles qui peuvent \u00eatre port\u00e9es quotidiennement pendant 12 mois maximum apr\u00e8s ouverture de l'emballage.<\/p><p><strong>Applications<\/strong><\/p><p>Retirez les lentilles de leur emballage, placez-les dans votre paume et trempez-les dans quelques gouttes de solution pour lentilles. Rincez chaque c\u00f4t\u00e9 des lentilles dans un mouvement vers l'avant pendant 10 \u00e0 15 secondes avant de les porter sur vos yeux.<\/p><p>Pr\u00e9parez un \u00e9tui \u00e0 lentilles propre pour ranger vos lentilles apr\u00e8s les avoir retir\u00e9es. Assurez-vous de rincer l'\u00e9tui \u00e0 lentilles avec une solution pour lentilles polyvalentes similaire avant de ranger vos lentilles. Remplissez les deux r\u00e9cipients avec du liquide frais pour garder la lentille hydrat\u00e9e pendant le stockage et fermez herm\u00e9tiquement les couvercles. R\u00e9p\u00e9tez les \u00e9tapes ci-dessus lorsque vous portez et rangez \u00e0 nouveau vos lentilles de contact.<\/p><p><strong>Comment porter une lentille :<\/strong><br \/>1. V\u00e9rifiez le c\u00f4t\u00e9 correct et incorrect de l'objectif<br \/>2. Placez la lentille sur le majeur droit<br \/>3. Ouvrez grand votre \u0153il en tirant la paupi\u00e8re sup\u00e9rieure avec le majeur gauche et la paupi\u00e8re inf\u00e9rieure avec le majeur droit<\/p><p>4. Placez d\u00e9licatement la lentille sur la pupille<br \/>5. Fermez doucement votre \u0153il pour centrer la lentille et touchez doucement la paupi\u00e8re<\/p><p><strong>Comment retirer l'objectif:<\/strong><\/p><p>1. Ouvrez grand les yeux avec vos doigts<br \/>2. Retirez l'objectif en saisissant l'objectif avec le pouce droit et l'index droit<\/p><p><strong>Conseils de confort<\/strong><\/p><p>Pour tout type d'inconfort (c'est-\u00e0-dire douleur, d\u00e9mangeaisons, irritation, br\u00fblure, rougeur), retirez vos lentilles, nettoyez-les bien avec une nouvelle solution fra\u00eeche et assurez-vous qu'elles sont \u00e0 nouveau correctement port\u00e9es sur vos yeux. Si les sympt\u00f4mes persistent, nous vous recommandons fortement de consulter votre ophtalmologiste le plus proche pour examen\/conseil.<\/p><p><strong>Contre-indications<\/strong><\/p><p>Les lentilles pli\u00e9es\/desserr\u00e9es ne sont pas recommand\u00e9es pour la restauration. Si vous achetez un objectif pli\u00e9 ou d\u00e9tach\u00e9, veuillez ne pas utiliser les objectifs mais contacter notre service client.<\/p><p>Les lentilles d\u00e9shydrat\u00e9es doivent \u00eatre jet\u00e9es imm\u00e9diatement. Si vous remarquez que les ampoules sur les lentilles ont s\u00e9ch\u00e9 et que les lentilles \u00e0 l'int\u00e9rieur sont devenues rigides, elles ne doivent pas \u00eatre r\u00e9hydrat\u00e9es pour les rendre utilisables.<\/p><p><strong>Avertissements<\/strong><\/p><p>N\u2019utilisez jamais de salive, de solution saline maison et\/ou d\u2019eau du robinet pour d\u00e9sinfecter vos lentilles. Apr\u00e8s avoir r\u00e9par\u00e9 vos lentilles, jetez l'ancienne solution des \u00e9tuis \u00e0 lentilles et remplacez-la par une nouvelle solution pour garder les lentilles \u00e0 l'int\u00e9rieur.<\/p><p><strong>Recommandations<\/strong><\/p><p>Lors de l'achat de lentilles de contact, nous vous recommandons fortement de v\u00e9rifier le produit. V\u00e9rifiez l\u2019\u00e9tat des lentilles pour vous assurer que vous obtenez des lentilles de contact de la bonne couleur et\/ou force, en bon \u00e9tat et correctement hydrat\u00e9es.<\/p><p>N'utilisez plus les lentilles si elles sont endommag\u00e9es.<\/p>\t\t\t\t\t\t\t\t<\/div>\n\t\t\t\t<div class=\"elementor-element elementor-element-ee8565a ob-has-background-overlay elementor-widget elementor-widget-gallery\" data-id=\"ee8565a\" data-element_type=\"widget\" data-e-type=\"widget\" data-settings=\"{&quot;columns&quot;:3,&quot;columns_mobile&quot;:2,&quot;gap&quot;:{&quot;unit&quot;:&quot;px&quot;,&quot;size&quot;:73,&quot;sizes&quot;:[]},&quot;aspect_ratio&quot;:&quot;1:1&quot;,&quot;lazyload&quot;:&quot;yes&quot;,&quot;gallery_layout&quot;:&quot;grid&quot;,&quot;columns_tablet&quot;:2,&quot;gap_tablet&quot;:{&quot;unit&quot;:&quot;px&quot;,&quot;size&quot;:10,&quot;sizes&quot;:[]},&quot;gap_mobile&quot;:{&quot;unit&quot;:&quot;px&quot;,&quot;size&quot;:10,&quot;sizes&quot;:[]},&quot;link_to&quot;:&quot;file&quot;,&quot;overlay_background&quot;:&quot;yes&quot;,&quot;content_hover_animation&quot;:&quot;fade-in&quot;,&quot;_ob_widget_stalker_use&quot;:&quot;no&quot;,&quot;_ob_poopart_use&quot;:&quot;yes&quot;,&quot;_ob_shadough_use&quot;:&quot;no&quot;,&quot;_ob_allow_hoveranimator&quot;:&quot;no&quot;}\" data-widget_type=\"gallery.default\">\n\t\t\t\t\t\t\t<div class=\"elementor-gallery__container\">\n\t\t\t\t\t\t\t<a class=\"e-gallery-item elementor-gallery-item elementor-animated-content\" href=\"https:\/\/dezzy-s.com\/wp-content\/uploads\/2023\/03\/image-1007-683x1024-1.png\" data-elementor-open-lightbox=\"yes\" data-elementor-lightbox-slideshow=\"ee8565a\" data-elementor-lightbox-title=\"image-1007-683x1024\" data-e-action-hash=\"#elementor-action%3Aaction%3Dlightbox%26settings%3DeyJpZCI6MjkwNywidXJsIjoiaHR0cHM6XC9cL2Rlenp5LXMuY29tXC93cC1jb250ZW50XC91cGxvYWRzXC8yMDIzXC8wM1wvaW1hZ2UtMTAwNy02ODN4MTAyNC0xLnBuZyIsInNsaWRlc2hvdyI6ImVlODU2NWEifQ%3D%3D\">\n\t\t\t\t\t<div class=\"e-gallery-image elementor-gallery-item__image\" data-thumbnail=\"https:\/\/dezzy-s.com\/wp-content\/uploads\/2023\/03\/image-1007-683x1024-1.png\" data-width=\"683\" data-height=\"1024\" aria-label=\"\" role=\"img\" ><\/div>\n\t\t\t\t\t\t\t\t\t\t\t<div class=\"elementor-gallery-item__overlay\"><\/div>\n\t\t\t\t\t\t\t\t\t\t\t\t\t\t<\/a>\n\t\t\t\t\t\t\t<a class=\"e-gallery-item elementor-gallery-item elementor-animated-content\" href=\"https:\/\/dezzy-s.com\/wp-content\/uploads\/2023\/03\/427894ac-91f9-4218-8be4-4348fb49f512.jpg\" data-elementor-open-lightbox=\"yes\" data-elementor-lightbox-slideshow=\"ee8565a\" data-elementor-lightbox-title=\"427894ac-91f9-4218-8be4-4348fb49f512\" data-e-action-hash=\"#elementor-action%3Aaction%3Dlightbox%26settings%3DeyJpZCI6MjkwOCwidXJsIjoiaHR0cHM6XC9cL2Rlenp5LXMuY29tXC93cC1jb250ZW50XC91cGxvYWRzXC8yMDIzXC8wM1wvNDI3ODk0YWMtOTFmOS00MjE4LThiZTQtNDM0OGZiNDlmNTEyLmpwZyIsInNsaWRlc2hvdyI6ImVlODU2NWEifQ%3D%3D\">\n\t\t\t\t\t<div class=\"e-gallery-image elementor-gallery-item__image\" data-thumbnail=\"https:\/\/dezzy-s.com\/wp-content\/uploads\/2023\/03\/427894ac-91f9-4218-8be4-4348fb49f512.jpg\" data-width=\"800\" data-height=\"787\" aria-label=\"\" role=\"img\" ><\/div>\n\t\t\t\t\t\t\t\t\t\t\t<div class=\"elementor-gallery-item__overlay\"><\/div>\n\t\t\t\t\t\t\t\t\t\t\t\t\t\t<\/a>\n\t\t\t\t\t\t\t<a class=\"e-gallery-item elementor-gallery-item elementor-animated-content\" href=\"https:\/\/dezzy-s.com\/wp-content\/uploads\/2023\/03\/c7561c59-ed5b-4198-bbed-f764edd62a60.jpg\" data-elementor-open-lightbox=\"yes\" data-elementor-lightbox-slideshow=\"ee8565a\" data-elementor-lightbox-title=\"c7561c59-ed5b-4198-bbed-f764edd62a60\" data-e-action-hash=\"#elementor-action%3Aaction%3Dlightbox%26settings%3DeyJpZCI6MjkwOSwidXJsIjoiaHR0cHM6XC9cL2Rlenp5LXMuY29tXC93cC1jb250ZW50XC91cGxvYWRzXC8yMDIzXC8wM1wvYzc1NjFjNTktZWQ1Yi00MTk4LWJiZWQtZjc2NGVkZDYyYTYwLmpwZyIsInNsaWRlc2hvdyI6ImVlODU2NWEifQ%3D%3D\">\n\t\t\t\t\t<div class=\"e-gallery-image elementor-gallery-item__image\" data-thumbnail=\"https:\/\/dezzy-s.com\/wp-content\/uploads\/2023\/03\/c7561c59-ed5b-4198-bbed-f764edd62a60.jpg\" data-width=\"799\" data-height=\"790\" aria-label=\"\" role=\"img\" ><\/div>\n\t\t\t\t\t\t\t\t\t\t\t<div class=\"elementor-gallery-item__overlay\"><\/div>\n\t\t\t\t\t\t\t\t\t\t\t\t\t\t<\/a>\n\t\t\t\t\t\t\t<a class=\"e-gallery-item elementor-gallery-item elementor-animated-content\" href=\"https:\/\/dezzy-s.com\/wp-content\/uploads\/2023\/03\/image-1451-1024x442-1.png\" data-elementor-open-lightbox=\"yes\" data-elementor-lightbox-slideshow=\"ee8565a\" data-elementor-lightbox-title=\"image-1451-1024x442\" data-e-action-hash=\"#elementor-action%3Aaction%3Dlightbox%26settings%3DeyJpZCI6MjkxMCwidXJsIjoiaHR0cHM6XC9cL2Rlenp5LXMuY29tXC93cC1jb250ZW50XC91cGxvYWRzXC8yMDIzXC8wM1wvaW1hZ2UtMTQ1MS0xMDI0eDQ0Mi0xLnBuZyIsInNsaWRlc2hvdyI6ImVlODU2NWEifQ%3D%3D\">\n\t\t\t\t\t<div class=\"e-gallery-image elementor-gallery-item__image\" data-thumbnail=\"https:\/\/dezzy-s.com\/wp-content\/uploads\/2023\/03\/image-1451-1024x442-1.png\" data-width=\"1024\" data-height=\"442\" aria-label=\"\" role=\"img\" ><\/div>\n\t\t\t\t\t\t\t\t\t\t\t<div class=\"elementor-gallery-item__overlay\"><\/div>\n\t\t\t\t\t\t\t\t\t\t\t\t\t\t<\/a>\n\t\t\t\t\t\t\t<a class=\"e-gallery-item elementor-gallery-item elementor-animated-content\" href=\"https:\/\/dezzy-s.com\/wp-content\/uploads\/2023\/03\/8e167602-eef0-436b-894e-cb9bb64762f8.jpg\" data-elementor-open-lightbox=\"yes\" data-elementor-lightbox-slideshow=\"ee8565a\" data-elementor-lightbox-title=\"8e167602-eef0-436b-894e-cb9bb64762f8\" data-e-action-hash=\"#elementor-action%3Aaction%3Dlightbox%26settings%3DeyJpZCI6MjkxMSwidXJsIjoiaHR0cHM6XC9cL2Rlenp5LXMuY29tXC93cC1jb250ZW50XC91cGxvYWRzXC8yMDIzXC8wM1wvOGUxNjc2MDItZWVmMC00MzZiLTg5NGUtY2I5YmI2NDc2MmY4LmpwZyIsInNsaWRlc2hvdyI6ImVlODU2NWEifQ%3D%3D\">\n\t\t\t\t\t<div class=\"e-gallery-image elementor-gallery-item__image\" data-thumbnail=\"https:\/\/dezzy-s.com\/wp-content\/uploads\/2023\/03\/8e167602-eef0-436b-894e-cb9bb64762f8.jpg\" data-width=\"800\" data-height=\"795\" aria-label=\"\" role=\"img\" ><\/div>\n\t\t\t\t\t\t\t\t\t\t\t<div class=\"elementor-gallery-item__overlay\"><\/div>\n\t\t\t\t\t\t\t\t\t\t\t\t\t\t<\/a>\n\t\t\t\t\t\t\t<a class=\"e-gallery-item elementor-gallery-item elementor-animated-content\" href=\"https:\/\/dezzy-s.com\/wp-content\/uploads\/2023\/03\/8af8b913-cf4a-4155-b592-fd12e9a96153.jpg\" data-elementor-open-lightbox=\"yes\" data-elementor-lightbox-slideshow=\"ee8565a\" data-elementor-lightbox-title=\"8af8b913-cf4a-4155-b592-fd12e9a96153\" data-e-action-hash=\"#elementor-action%3Aaction%3Dlightbox%26settings%3DeyJpZCI6MjkxMiwidXJsIjoiaHR0cHM6XC9cL2Rlenp5LXMuY29tXC93cC1jb250ZW50XC91cGxvYWRzXC8yMDIzXC8wM1wvOGFmOGI5MTMtY2Y0YS00MTU1LWI1OTItZmQxMmU5YTk2MTUzLmpwZyIsInNsaWRlc2hvdyI6ImVlODU2NWEifQ%3D%3D\">\n\t\t\t\t\t<div class=\"e-gallery-image elementor-gallery-item__image\" data-thumbnail=\"https:\/\/dezzy-s.com\/wp-content\/uploads\/2023\/03\/8af8b913-cf4a-4155-b592-fd12e9a96153.jpg\" data-width=\"799\" data-height=\"783\" aria-label=\"\" role=\"img\" ><\/div>\n\t\t\t\t\t\t\t\t\t\t\t<div class=\"elementor-gallery-item__overlay\"><\/div>\n\t\t\t\t\t\t\t\t\t\t\t\t\t\t<\/a>\n\t\t\t\t\t<\/div>\n\t\t\t\t\t<\/div>\n\t\t\t\t\t<\/div>\n\t\t<\/div>\n\t\t\t\t<div class=\"elementor-column elementor-col-50 elementor-top-column elementor-element elementor-element-7a0c476 elementor-hidden-mobile\" data-id=\"7a0c476\" data-element_type=\"column\" data-e-type=\"column\" data-settings=\"{&quot;_ob_column_hoveranimator&quot;:&quot;no&quot;,&quot;_ob_column_has_pseudo&quot;:&quot;no&quot;}\">\n\t\t\t<div class=\"elementor-widget-wrap elementor-element-populated\">\n\t\t\t\t\t\t<div class=\"elementor-element elementor-element-1739350 elementor-widget__width-initial ob-has-background-overlay elementor-widget elementor-widget-image\" data-id=\"1739350\" data-element_type=\"widget\" data-e-type=\"widget\" data-settings=\"{&quot;_ob_photomorph_use&quot;:&quot;no&quot;,&quot;_ob_widget_stalker_use&quot;:&quot;no&quot;,&quot;_ob_poopart_use&quot;:&quot;yes&quot;,&quot;_ob_shadough_use&quot;:&quot;no&quot;,&quot;_ob_allow_hoveranimator&quot;:&quot;no&quot;}\" data-widget_type=\"image.default\">\n\t\t\t\t\t\t\t\t\t\t\t\t\t\t\t<img fetchpriority=\"high\" decoding=\"async\" width=\"683\" height=\"1024\" src=\"https:\/\/dezzy-s.com\/wp-content\/uploads\/2023\/03\/dezzy-gebruiks-1-683x1024.jpg\" class=\"attachment-large size-large wp-image-2925\" alt=\"\" srcset=\"https:\/\/dezzy-s.com\/wp-content\/uploads\/2023\/03\/dezzy-gebruiks-1-683x1024.jpg 683w, https:\/\/dezzy-s.com\/wp-content\/uploads\/2023\/03\/dezzy-gebruiks-1-200x300.jpg 200w, https:\/\/dezzy-s.com\/wp-content\/uploads\/2023\/03\/dezzy-gebruiks-1-768x1152.jpg 768w, https:\/\/dezzy-s.com\/wp-content\/uploads\/2023\/03\/dezzy-gebruiks-1-8x12.jpg 8w, https:\/\/dezzy-s.com\/wp-content\/uploads\/2023\/03\/dezzy-gebruiks-1-600x900.jpg 600w, https:\/\/dezzy-s.com\/wp-content\/uploads\/2023\/03\/dezzy-gebruiks-1.jpg 973w\" sizes=\"(max-width: 683px) 100vw, 683px\" \/>\t\t\t\t\t\t\t\t\t\t\t\t\t\t\t<\/div>\n\t\t\t\t\t<\/div>\n\t\t<\/div>\n\t\t\t\t\t<\/div>\n\t\t<\/section>\n\t\t\t\t<\/div>","protected":false},"excerpt":{"rendered":"<p>Kleurlenzen gebruiksaanwijzing We raden u ten zeerste aan om alle aanwijzingen van uw oogarts op te volgen, naast alle instructies die in dit document worden beschreven en de instructies op het etiket van uw lensverzorgingsproduct.Lees voor uw optimale veiligheid de volgende instructies voor het dragen van contactlenzen en volg deze zorgvuldig op: Modaliteiten Deze gekleurde [&hellip;]<\/p>","protected":false},"author":1,"featured_media":0,"parent":0,"menu_order":0,"comment_status":"closed","ping_status":"closed","template":"","meta":{"_eb_attr":"","site-sidebar-layout":"no-sidebar","site-content-layout":"page-builder","ast-site-content-layout":"default","site-content-style":"default","site-sidebar-style":"default","ast-global-header-display":"","ast-banner-title-visibility":"","ast-main-header-display":"","ast-hfb-above-header-display":"","ast-hfb-below-header-display":"","ast-hfb-mobile-header-display":"","site-post-title":"disabled","ast-breadcrumbs-content":"","ast-featured-img":"disabled","footer-sml-layout":"","ast-disable-related-posts":"","theme-transparent-header-meta":"","adv-header-id-meta":"","stick-header-meta":"","header-above-stick-meta":"","header-main-stick-meta":"","header-below-stick-meta":"","astra-migrate-meta-layouts":"default","ast-page-background-enabled":"default","ast-page-background-meta":{"desktop":{"background-color":"var(--ast-global-color-4)","background-image":"","background-repeat":"repeat","background-position":"center center","background-size":"auto","background-attachment":"scroll","background-type":"","background-media":"","overlay-type":"","overlay-color":"","overlay-opacity":"","overlay-gradient":""},"tablet":{"background-color":"","background-image":"","background-repeat":"repeat","background-position":"center center","background-size":"auto","background-attachment":"scroll","background-type":"","background-media":"","overlay-type":"","overlay-color":"","overlay-opacity":"","overlay-gradient":""},"mobile":{"background-color":"","background-image":"","background-repeat":"repeat","background-position":"center center","background-size":"auto","background-attachment":"scroll","background-type":"","background-media":"","overlay-type":"","overlay-color":"","overlay-opacity":"","overlay-gradient":""}},"ast-content-background-meta":{"desktop":{"background-color":"var(--ast-global-color-5)","background-image":"","background-repeat":"repeat","background-position":"center center","background-size":"auto","background-attachment":"scroll","background-type":"","background-media":"","overlay-type":"","overlay-color":"","overlay-opacity":"","overlay-gradient":""},"tablet":{"background-color":"var(--ast-global-color-5)","background-image":"","background-repeat":"repeat","background-position":"center center","background-size":"auto","background-attachment":"scroll","background-type":"","background-media":"","overlay-type":"","overlay-color":"","overlay-opacity":"","overlay-gradient":""},"mobile":{"background-color":"var(--ast-global-color-5)","background-image":"","background-repeat":"repeat","background-position":"center center","background-size":"auto","background-attachment":"scroll","background-type":"","background-media":"","overlay-type":"","overlay-color":"","overlay-opacity":"","overlay-gradient":""}},"footnotes":""},"class_list":["post-2904","page","type-page","status-publish","hentry"],"_links":{"self":[{"href":"https:\/\/dezzy-s.com\/fr\/wp-json\/wp\/v2\/pages\/2904","targetHints":{"allow":["GET"]}}],"collection":[{"href":"https:\/\/dezzy-s.com\/fr\/wp-json\/wp\/v2\/pages"}],"about":[{"href":"https:\/\/dezzy-s.com\/fr\/wp-json\/wp\/v2\/types\/page"}],"author":[{"embeddable":true,"href":"https:\/\/dezzy-s.com\/fr\/wp-json\/wp\/v2\/users\/1"}],"replies":[{"embeddable":true,"href":"https:\/\/dezzy-s.com\/fr\/wp-json\/wp\/v2\/comments?post=2904"}],"version-history":[{"count":19,"href":"https:\/\/dezzy-s.com\/fr\/wp-json\/wp\/v2\/pages\/2904\/revisions"}],"predecessor-version":[{"id":2960,"href":"https:\/\/dezzy-s.com\/fr\/wp-json\/wp\/v2\/pages\/2904\/revisions\/2960"}],"wp:attachment":[{"href":"https:\/\/dezzy-s.com\/fr\/wp-json\/wp\/v2\/media?parent=2904"}],"curies":[{"name":"wp","href":"https:\/\/api.w.org\/{rel}","templated":true}]}}