{"id":1967,"date":"2023-03-09T10:03:16","date_gmt":"2023-03-09T10:03:16","guid":{"rendered":"https:\/\/flexx-dev1.nl\/?post_type=product&#038;p=1967"},"modified":"2025-12-11T13:50:00","modified_gmt":"2025-12-11T13:50:00","slug":"blisterpack-roze-airy-gray","status":"publish","type":"product","link":"https:\/\/dezzy-s.com\/fr\/produkt\/blisterpack-roze-airy-gray\/","title":{"rendered":"Blisterpack | Roze airy gray <br><span>Gris<\/span>"},"content":{"rendered":"<p>Les lentilles color\u00e9es Dezzy's sont fabriqu\u00e9es \u00e0 partir de l'ingr\u00e9dient\u00a0<em>hydroxyethyl<\/em> methacrylaat. Het zorgt voor een veilige en hydraterende pasvorm. Onze kleurlenzen bestaan uit 40% water, wat voor een hydraterende en frisse uitstraling zorgt. Dezzy&#8217;s levensechte kleurlenzen zijn perfect voor speciale dagen en dagelijks gebruik.<\/p>\n<p><strong>Kleurlenzen uit de &#8216;Blister Pack&#8217; Collectie.<\/strong><\/p>\n<p>Les lentilles annuelles Dezzy's de haute qualit\u00e9 peuvent \u00eatre utilis\u00e9es jusqu'\u00e0 12 mois. Gr\u00e2ce \u00e0 leur haute qualit\u00e9, ces lentilles peuvent couvrir n'importe quelle couleur d'yeux. Les lentilles color\u00e9es Dezzy's sont connues pour cr\u00e9er des couleurs naturelles et r\u00e9alistes.<\/p>\n<p><strong>Dezzy&#8217;s blister pack<\/strong><\/p>\n<p>Dezzy&#8217;s blister pack bestaat uit jaarlenzen met daarbij een lenzendoosje, lenzen pincet &amp; applicator.<\/p>","protected":false},"excerpt":{"rendered":"<p>Dezzy&#8217;s kleurlenzen zijn gemaakt van\u00a0het bestanddeel\u00a0hydroxyethyl methacrylaat. Het zorgt voor een veilige en hydraterende pasvorm. Onze kleurlenzen bestaan uit 40% water, wat voor een hydraterende en frisse uitstraling zorgt. Dezzy&#8217;s levensechte kleurlenzen zijn perfect voor speciale dagen en dagelijks gebruik. Kleurlenzen uit de &#8216;Blister Pack&#8217; Collectie. Dezzy&#8217;s hoogwaardige jaarlenzen zijn tot 12 maanden te gebruiken. [&hellip;]<\/p>","protected":false},"featured_media":1971,"template":"","meta":{"_eb_attr":"","site-sidebar-layout":"default","site-content-layout":"default","ast-site-content-layout":"default","site-content-style":"default","site-sidebar-style":"default","ast-global-header-display":"","ast-banner-title-visibility":"","ast-main-header-display":"","ast-hfb-above-header-display":"","ast-hfb-below-header-display":"","ast-hfb-mobile-header-display":"","site-post-title":"","ast-breadcrumbs-content":"","ast-featured-img":"","footer-sml-layout":"","ast-disable-related-posts":"","theme-transparent-header-meta":"default","adv-header-id-meta":"","stick-header-meta":"","header-above-stick-meta":"","header-main-stick-meta":"","header-below-stick-meta":"","astra-migrate-meta-layouts":"set","ast-page-background-enabled":"default","ast-page-background-meta":{"desktop":{"background-color":"var(--ast-global-color-4)","background-image":"","background-repeat":"repeat","background-position":"center center","background-size":"auto","background-attachment":"scroll","background-type":"","background-media":"","overlay-type":"","overlay-color":"","overlay-opacity":"","overlay-gradient":""},"tablet":{"background-color":"","background-image":"","background-repeat":"repeat","background-position":"center center","background-size":"auto","background-attachment":"scroll","background-type":"","background-media":"","overlay-type":"","overlay-color":"","overlay-opacity":"","overlay-gradient":""},"mobile":{"background-color":"","background-image":"","background-repeat":"repeat","background-position":"center center","background-size":"auto","background-attachment":"scroll","background-type":"","background-media":"","overlay-type":"","overlay-color":"","overlay-opacity":"","overlay-gradient":""}},"ast-content-background-meta":{"desktop":{"background-color":"var(--ast-global-color-5)","background-image":"","background-repeat":"repeat","background-position":"center center","background-size":"auto","background-attachment":"scroll","background-type":"","background-media":"","overlay-type":"","overlay-color":"","overlay-opacity":"","overlay-gradient":""},"tablet":{"background-color":"var(--ast-global-color-5)","background-image":"","background-repeat":"repeat","background-position":"center center","background-size":"auto","background-attachment":"scroll","background-type":"","background-media":"","overlay-type":"","overlay-color":"","overlay-opacity":"","overlay-gradient":""},"mobile":{"background-color":"var(--ast-global-color-5)","background-image":"","background-repeat":"repeat","background-position":"center center","background-size":"auto","background-attachment":"scroll","background-type":"","background-media":"","overlay-type":"","overlay-color":"","overlay-opacity":"","overlay-gradient":""}}},"product_brand":[],"product_cat":[42,75,71],"product_tag":[],"class_list":{"0":"post-1967","1":"product","2":"type-product","3":"status-publish","4":"has-post-thumbnail","6":"product_cat-0-00-geen-sterkte","7":"product_cat-grijs","8":"product_cat-kleurlenzen","9":"desktop-align-left","10":"tablet-align-left","11":"mobile-align-left","13":"first","14":"instock","15":"taxable","16":"shipping-taxable","17":"purchasable","18":"product-type-variable"},"_links":{"self":[{"href":"https:\/\/dezzy-s.com\/fr\/wp-json\/wp\/v2\/product\/1967","targetHints":{"allow":["GET"]}}],"collection":[{"href":"https:\/\/dezzy-s.com\/fr\/wp-json\/wp\/v2\/product"}],"about":[{"href":"https:\/\/dezzy-s.com\/fr\/wp-json\/wp\/v2\/types\/product"}],"wp:featuredmedia":[{"embeddable":true,"href":"https:\/\/dezzy-s.com\/fr\/wp-json\/wp\/v2\/media\/1971"}],"wp:attachment":[{"href":"https:\/\/dezzy-s.com\/fr\/wp-json\/wp\/v2\/media?parent=1967"}],"wp:term":[{"taxonomy":"product_brand","embeddable":true,"href":"https:\/\/dezzy-s.com\/fr\/wp-json\/wp\/v2\/product_brand?post=1967"},{"taxonomy":"product_cat","embeddable":true,"href":"https:\/\/dezzy-s.com\/fr\/wp-json\/wp\/v2\/product_cat?post=1967"},{"taxonomy":"product_tag","embeddable":true,"href":"https:\/\/dezzy-s.com\/fr\/wp-json\/wp\/v2\/product_tag?post=1967"}],"curies":[{"name":"wp","href":"https:\/\/api.w.org\/{rel}","templated":true}]}}