{"id":802,"date":"2023-02-27T13:03:35","date_gmt":"2023-02-27T13:03:35","guid":{"rendered":"https:\/\/flexx-dev1.nl\/?post_type=product&#038;p=802"},"modified":"2025-12-18T13:08:25","modified_gmt":"2025-12-18T13:08:25","slug":"transparante-contactlenzen","status":"publish","type":"product","link":"https:\/\/dezzy-s.com\/fr\/produkt\/transparante-contactlenzen\/","title":{"rendered":"lentilles de contact transparentes"},"content":{"rendered":"<p><strong>1 paire de lentilles annuelles (2 pi\u00e8ces) + porte-lentilles, pince \u00e0 \u00e9piler et applicateur gratuits (diam\u00e8tre : 14,0 mm)<\/strong><\/p>\n<p><strong>Avantages:<\/strong><\/p>\n<ul>\n<li>Lentilles color\u00e9es annuelles<\/li>\n<li>Pas de frais mensuels<\/li>\n<li>Lentilles souples et confortables gr\u00e2ce \u00e0 leur teneur en eau<\/li>\n<li>Lentilles perm\u00e9ables \u00e0 l'oxyg\u00e8ne qui ne dess\u00e8chent pas les yeux<\/li>\n<li>Comprend un porte-objectif, une pince \u00e0 \u00e9piler et un applicateur<\/li>\n<\/ul>","protected":false},"excerpt":{"rendered":"<p>1 paar jaarlenzen (2 stuks) + gratis lenzen houder, pincet &amp; applicator (dia: 14.0mm) Voordelen: Jaarlenzen Geen maandelijkse kosten Zachte, comfortabele lenzen dankzij watergehalte Zuurstofdoorlatende lenzen die de ogen niet uitdrogen Inclusief lenzenbakje, pincet &amp; applicator<\/p>","protected":false},"featured_media":762,"template":"","meta":{"_eb_attr":"","site-sidebar-layout":"default","site-content-layout":"default","ast-site-content-layout":"default","site-content-style":"default","site-sidebar-style":"default","ast-global-header-display":"","ast-banner-title-visibility":"","ast-main-header-display":"","ast-hfb-above-header-display":"","ast-hfb-below-header-display":"","ast-hfb-mobile-header-display":"","site-post-title":"","ast-breadcrumbs-content":"","ast-featured-img":"","footer-sml-layout":"","ast-disable-related-posts":"","theme-transparent-header-meta":"default","adv-header-id-meta":"","stick-header-meta":"","header-above-stick-meta":"","header-main-stick-meta":"","header-below-stick-meta":"","astra-migrate-meta-layouts":"set","ast-page-background-enabled":"default","ast-page-background-meta":{"desktop":{"background-color":"var(--ast-global-color-4)","background-image":"","background-repeat":"repeat","background-position":"center center","background-size":"auto","background-attachment":"scroll","background-type":"","background-media":"","overlay-type":"","overlay-color":"","overlay-opacity":"","overlay-gradient":""},"tablet":{"background-color":"","background-image":"","background-repeat":"repeat","background-position":"center center","background-size":"auto","background-attachment":"scroll","background-type":"","background-media":"","overlay-type":"","overlay-color":"","overlay-opacity":"","overlay-gradient":""},"mobile":{"background-color":"","background-image":"","background-repeat":"repeat","background-position":"center center","background-size":"auto","background-attachment":"scroll","background-type":"","background-media":"","overlay-type":"","overlay-color":"","overlay-opacity":"","overlay-gradient":""}},"ast-content-background-meta":{"desktop":{"background-color":"var(--ast-global-color-5)","background-image":"","background-repeat":"repeat","background-position":"center center","background-size":"auto","background-attachment":"scroll","background-type":"","background-media":"","overlay-type":"","overlay-color":"","overlay-opacity":"","overlay-gradient":""},"tablet":{"background-color":"var(--ast-global-color-5)","background-image":"","background-repeat":"repeat","background-position":"center center","background-size":"auto","background-attachment":"scroll","background-type":"","background-media":"","overlay-type":"","overlay-color":"","overlay-opacity":"","overlay-gradient":""},"mobile":{"background-color":"var(--ast-global-color-5)","background-image":"","background-repeat":"repeat","background-position":"center center","background-size":"auto","background-attachment":"scroll","background-type":"","background-media":"","overlay-type":"","overlay-color":"","overlay-opacity":"","overlay-gradient":""}}},"product_brand":[],"product_cat":[70],"product_tag":[],"class_list":{"0":"post-802","1":"product","2":"type-product","3":"status-publish","4":"has-post-thumbnail","6":"product_cat-transparante-contactlenzen","7":"desktop-align-left","8":"tablet-align-left","9":"mobile-align-left","11":"first","12":"instock","13":"taxable","14":"shipping-taxable","15":"purchasable","16":"product-type-variable"},"_links":{"self":[{"href":"https:\/\/dezzy-s.com\/fr\/wp-json\/wp\/v2\/product\/802","targetHints":{"allow":["GET"]}}],"collection":[{"href":"https:\/\/dezzy-s.com\/fr\/wp-json\/wp\/v2\/product"}],"about":[{"href":"https:\/\/dezzy-s.com\/fr\/wp-json\/wp\/v2\/types\/product"}],"wp:featuredmedia":[{"embeddable":true,"href":"https:\/\/dezzy-s.com\/fr\/wp-json\/wp\/v2\/media\/762"}],"wp:attachment":[{"href":"https:\/\/dezzy-s.com\/fr\/wp-json\/wp\/v2\/media?parent=802"}],"wp:term":[{"taxonomy":"product_brand","embeddable":true,"href":"https:\/\/dezzy-s.com\/fr\/wp-json\/wp\/v2\/product_brand?post=802"},{"taxonomy":"product_cat","embeddable":true,"href":"https:\/\/dezzy-s.com\/fr\/wp-json\/wp\/v2\/product_cat?post=802"},{"taxonomy":"product_tag","embeddable":true,"href":"https:\/\/dezzy-s.com\/fr\/wp-json\/wp\/v2\/product_tag?post=802"}],"curies":[{"name":"wp","href":"https:\/\/api.w.org\/{rel}","templated":true}]}}